{"id":3,"date":"2026-01-14T08:20:21","date_gmt":"2026-01-14T08:20:21","guid":{"rendered":"http:\/\/lexida.lt\/?page_id=3"},"modified":"2026-01-19T16:49:42","modified_gmt":"2026-01-19T14:49:42","slug":"%d0%bf%d0%be%d0%bb%d0%b8%d1%82%d0%b8%d0%ba%d0%b0-%d0%ba%d0%be%d0%bd%d1%84%d0%b8%d0%b4%d0%b5%d0%bd%d1%86%d0%b8%d0%b0%d0%bb%d1%8c%d0%bd%d0%be%d1%81%d1%82%d0%b8","status":"publish","type":"page","link":"https:\/\/lexida.lt\/ru\/%d0%bf%d0%be%d0%bb%d0%b8%d1%82%d0%b8%d0%ba%d0%b0-%d0%ba%d0%be%d0%bd%d1%84%d0%b8%d0%b4%d0%b5%d0%bd%d1%86%d0%b8%d0%b0%d0%bb%d1%8c%d0%bd%d0%be%d1%81%d1%82%d0%b8\/","title":{"rendered":"\u041f\u041e\u041b\u0418\u0422\u0418\u041a\u0410 \u041a\u041e\u041d\u0424\u0418\u0414\u0415\u041d\u0426\u0418\u0410\u041b\u042c\u041d\u041e\u0421\u0422\u0418"},"content":{"rendered":"<div data-elementor-type=\"wp-page\" data-elementor-id=\"3\" class=\"elementor elementor-3\">\n\t\t\t\t<div class=\"elementor-element elementor-element-3b0675f1 e-flex e-con-boxed e-con e-parent\" data-id=\"3b0675f1\" data-element_type=\"container\" data-e-type=\"container\">\n\t\t\t\t\t<div class=\"e-con-inner\">\n\t\t\t\t<div class=\"elementor-element elementor-element-71d5e63 elementor-widget elementor-widget-heading\" data-id=\"71d5e63\" data-element_type=\"widget\" data-e-type=\"widget\" data-widget_type=\"heading.default\">\n\t\t\t\t\t<h2 class=\"elementor-heading-title elementor-size-default\">\u041f\u041e\u041b\u0418\u0422\u0418\u041a\u0410 \u041a\u041e\u041d\u0424\u0418\u0414\u0415\u041d\u0426\u0418\u0410\u041b\u042c\u041d\u041e\u0421\u0422\u0418<\/h2>\t\t\t\t<\/div>\n\t\t\t\t<div class=\"elementor-element elementor-element-754a4233 elementor-widget elementor-widget-text-editor\" data-id=\"754a4233\" data-element_type=\"widget\" data-e-type=\"widget\" data-widget_type=\"text-editor.default\">\n\t\t\t\t\t\t\t\t\t<p><strong>1. \u041a\u043e\u043d\u0442\u0440\u043e\u043b\u043b\u0435\u0440 \u0434\u0430\u043d\u043d\u044b\u0445:<\/strong><\/p>\n<p>\u041a\u043e\u043d\u0442\u0440\u043e\u043b\u043b\u0435\u0440 \u0434\u0430\u043d\u043d\u044b\u0445: Lexida MB<br \/>\u041a\u043e\u0434 \u044e\u0440\u0438\u0434\u0438\u0447\u0435\u0441\u043a\u043e\u0433\u043e \u043b\u0438\u0446\u0430: 307536612<br \/>\u042e\u0440\u0438\u0434\u0438\u0447\u0435\u0441\u043a\u0438\u0439 \u0430\u0434\u0440\u0435\u0441: Tal\u0161os g. 2-49, \u0428\u044f\u0443\u043b\u044f\u0439<br \/>\u042d\u043b\u0435\u043a\u0442\u0440\u043e\u043d\u043d\u0430\u044f \u043f\u043e\u0447\u0442\u0430: info@lexida.lt<\/p>\n<p><strong>2. \u041a\u0430\u043a\u0438\u0435 \u0434\u0430\u043d\u043d\u044b\u0435 \u043c\u044b \u0441\u043e\u0431\u0438\u0440\u0430\u0435\u043c?<\/strong><\/p>\n<p>\u041c\u044b \u043c\u043e\u0436\u0435\u043c \u043f\u043e\u043b\u0443\u0447\u0430\u0442\u044c \u043e\u0442 \u0432\u0430\u0441 \u0441\u043b\u0435\u0434\u0443\u044e\u0449\u0438\u0435 \u043b\u0438\u0447\u043d\u044b\u0435 \u0434\u0430\u043d\u043d\u044b\u0435:<br \/>\u0418\u043c\u044f \u0438 \u0444\u0430\u043c\u0438\u043b\u0438\u044f;<br \/>\u041a\u043e\u043d\u0442\u0430\u043a\u0442\u043d\u0430\u044f \u0438\u043d\u0444\u043e\u0440\u043c\u0430\u0446\u0438\u044f (\u044d\u043b\u0435\u043a\u0442\u0440\u043e\u043d\u043d\u0430\u044f \u043f\u043e\u0447\u0442\u0430, \u043d\u043e\u043c\u0435\u0440 \u0442\u0435\u043b\u0435\u0444\u043e\u043d\u0430);<br \/>\u0418\u043d\u0444\u043e\u0440\u043c\u0430\u0446\u0438\u044f, \u043a\u043e\u0442\u043e\u0440\u0443\u044e \u0432\u044b \u043f\u0440\u0435\u0434\u043e\u0441\u0442\u0430\u0432\u043b\u044f\u0435\u0442\u0435, \u043a\u043e\u0433\u0434\u0430 \u0441\u0432\u044f\u0437\u044b\u0432\u0430\u0435\u0442\u0435\u0441\u044c \u0441 \u043d\u0430\u043c\u0438 (\u0447\u0435\u0440\u0435\u0437 \u0444\u043e\u0440\u043c\u0443 \u043e\u0431\u0440\u0430\u0442\u043d\u043e\u0439 \u0441\u0432\u044f\u0437\u0438, \u043f\u043e \u044d\u043b\u0435\u043a\u0442\u0440\u043e\u043d\u043d\u043e\u0439 \u043f\u043e\u0447\u0442\u0435 \u0438\u043b\u0438 \u043f\u043e \u0442\u0435\u043b\u0435\u0444\u043e\u043d\u0443);<br \/>\u0414\u0430\u043d\u043d\u044b\u0435 \u043e \u043f\u0440\u043e\u0441\u043c\u043e\u0442\u0440\u0435 (\u043d\u0430\u043f\u0440\u0438\u043c\u0435\u0440, IP-\u0430\u0434\u0440\u0435\u0441, \u0438\u0441\u043f\u043e\u043b\u044c\u0437\u0443\u0435\u043c\u044b\u0439 \u0431\u0440\u0430\u0443\u0437\u0435\u0440, \u0441\u0442\u0430\u0442\u0438\u0441\u0442\u0438\u043a\u0430 \u0442\u0440\u0430\u0444\u0438\u043a\u0430), \u043a\u043e\u0433\u0434\u0430 \u0432\u044b \u043f\u043e\u0441\u0435\u0449\u0430\u0435\u0442\u0435 \u043d\u0430\u0448 \u0441\u0430\u0439\u0442.<\/p>\n<p><strong>3. \u0414\u043b\u044f \u043a\u0430\u043a\u0438\u0445 \u0446\u0435\u043b\u0435\u0439 \u043c\u044b \u0438\u0441\u043f\u043e\u043b\u044c\u0437\u0443\u0435\u043c \u0432\u0430\u0448\u0438 \u0434\u0430\u043d\u043d\u044b\u0435?<\/strong><\/p>\n<p>\u041c\u044b \u0438\u0441\u043f\u043e\u043b\u044c\u0437\u0443\u0435\u043c \u0432\u0430\u0448\u0438 \u043f\u0435\u0440\u0441\u043e\u043d\u0430\u043b\u044c\u043d\u044b\u0435 \u0434\u0430\u043d\u043d\u044b\u0435 \u0434\u043b\u044f \u0441\u043b\u0435\u0434\u0443\u044e\u0449\u0438\u0445 \u0446\u0435\u043b\u0435\u0439:<br \/>\u041e\u0442\u0432\u0435\u0447\u0430\u0442\u044c \u043d\u0430 \u0432\u0430\u0448\u0438 \u0437\u0430\u043f\u0440\u043e\u0441\u044b \u0438 \u043f\u0440\u0435\u0434\u043e\u0441\u0442\u0430\u0432\u043b\u044f\u0442\u044c \u0443\u0441\u043b\u0443\u0433\u0438, \u043a\u043e\u0442\u043e\u0440\u044b\u0435 \u0432\u044b \u0445\u043e\u0442\u0438\u0442\u0435 \u043f\u043e\u043b\u0443\u0447\u0438\u0442\u044c;<br \/>\u0417\u0430\u043a\u043b\u044e\u0447\u0435\u043d\u0438\u0435 \u0438 \u0432\u044b\u043f\u043e\u043b\u043d\u0435\u043d\u0438\u0435 \u043a\u043e\u043d\u0442\u0440\u0430\u043a\u0442\u043e\u0432 \u043d\u0430 \u043e\u043a\u0430\u0437\u0430\u043d\u0438\u0435 \u0443\u0441\u043b\u0443\u0433;<br \/>\u041e\u0431\u0435\u0441\u043f\u0435\u0447\u0435\u043d\u0438\u0435 \u0444\u0443\u043d\u043a\u0446\u0438\u043e\u043d\u0430\u043b\u044c\u043d\u043e\u0441\u0442\u0438 \u0438 \u0431\u0435\u0437\u043e\u043f\u0430\u0441\u043d\u043e\u0441\u0442\u0438 \u0432\u0435\u0431-\u0441\u0430\u0439\u0442\u0430;<br \/>\u0412\u044b\u043f\u043e\u043b\u043d\u0435\u043d\u0438\u0435 \u0432\u0430\u0448\u0438\u0445 \u044e\u0440\u0438\u0434\u0438\u0447\u0435\u0441\u043a\u0438\u0445 \u043e\u0431\u044f\u0437\u0430\u0442\u0435\u043b\u044c\u0441\u0442\u0432.<\/p>\n<p><strong>4. \u041f\u0440\u0430\u0432\u043e\u0432\u043e\u0435 \u043e\u0441\u043d\u043e\u0432\u0430\u043d\u0438\u0435 \u0434\u043b\u044f \u043e\u0431\u0440\u0430\u0431\u043e\u0442\u043a\u0438:<\/strong><\/p>\n<p>\u041c\u044b \u043e\u0431\u0440\u0430\u0431\u0430\u0442\u044b\u0432\u0430\u0435\u043c \u0432\u0430\u0448\u0438 \u043f\u0435\u0440\u0441\u043e\u043d\u0430\u043b\u044c\u043d\u044b\u0435 \u0434\u0430\u043d\u043d\u044b\u0435:<br \/>\u0421 \u0446\u0435\u043b\u044c\u044e \u0437\u0430\u043a\u043b\u044e\u0447\u0435\u043d\u0438\u044f \u0438\u043b\u0438 \u0438\u0441\u043f\u043e\u043b\u043d\u0435\u043d\u0438\u044f \u0434\u043e\u0433\u043e\u0432\u043e\u0440\u0430 (\u0441\u0442\u0430\u0442\u044c\u044f 6(1)(b) GDPR);<br \/>\u0421 \u0432\u0430\u0448\u0435\u0433\u043e \u0441\u043e\u0433\u043b\u0430\u0441\u0438\u044f (\u0441\u0442\u0430\u0442\u044c\u044f 6(1)(a) GDPR);<br \/>\u0414\u043b\u044f \u0432\u044b\u043f\u043e\u043b\u043d\u0435\u043d\u0438\u044f \u044e\u0440\u0438\u0434\u0438\u0447\u0435\u0441\u043a\u0438\u0445 \u043e\u0431\u044f\u0437\u0430\u0442\u0435\u043b\u044c\u0441\u0442\u0432 (\u0441\u0442\u0430\u0442\u044c\u044f 6(1)(c) GDPR);<br \/>\u0414\u043b\u044f \u0441\u043e\u0431\u043b\u044e\u0434\u0435\u043d\u0438\u044f \u0437\u0430\u043a\u043e\u043d\u043d\u044b\u0445 \u0438\u043d\u0442\u0435\u0440\u0435\u0441\u043e\u0432, \u043d\u0430\u043f\u0440\u0438\u043c\u0435\u0440, \u0434\u043b\u044f \u043e\u0431\u0435\u0441\u043f\u0435\u0447\u0435\u043d\u0438\u044f \u0431\u0435\u0437\u043e\u043f\u0430\u0441\u043d\u043e\u0441\u0442\u0438 \u0432\u0435\u0431-\u0441\u0430\u0439\u0442\u0430 \u0438\u043b\u0438 \u0437\u0430\u0449\u0438\u0442\u044b \u0437\u0430\u043a\u043e\u043d\u043d\u044b\u0445 \u0438\u043d\u0442\u0435\u0440\u0435\u0441\u043e\u0432 (\u0441\u0442\u0430\u0442\u044c\u044f 6(1)(f) GDPR).<\/p>\n<p><strong>5. \u0425\u0440\u0430\u043d\u0435\u043d\u0438\u0435 \u0434\u0430\u043d\u043d\u044b\u0445:<\/strong><\/p>\n<p>\u041c\u044b \u0445\u0440\u0430\u043d\u0438\u043c \u0432\u0430\u0448\u0438 \u043b\u0438\u0447\u043d\u044b\u0435 \u0434\u0430\u043d\u043d\u044b\u0435 \u0442\u043e\u043b\u044c\u043a\u043e \u0434\u043e \u0442\u0435\u0445 \u043f\u043e\u0440, \u043f\u043e\u043a\u0430 \u044d\u0442\u043e \u043d\u0435\u043e\u0431\u0445\u043e\u0434\u0438\u043c\u043e \u0434\u043b\u044f \u0446\u0435\u043b\u0435\u0439, \u0443\u043a\u0430\u0437\u0430\u043d\u043d\u044b\u0445 \u0432\u044b\u0448\u0435, \u0438\u043b\u0438 \u0432 \u0441\u043e\u043e\u0442\u0432\u0435\u0442\u0441\u0442\u0432\u0438\u0438 \u0441 \u0442\u0440\u0435\u0431\u043e\u0432\u0430\u043d\u0438\u044f\u043c\u0438 \u0437\u0430\u043a\u043e\u043d\u0430.<\/p>\n<p><strong>6. \u041f\u0435\u0440\u0435\u0434\u0430\u0447\u0430 \u0434\u0430\u043d\u043d\u044b\u0445 \u0442\u0440\u0435\u0442\u044c\u0438\u043c \u043b\u0438\u0446\u0430\u043c:<\/strong><\/p>\n<p>\u0412\u0430\u0448\u0438 \u0434\u0430\u043d\u043d\u044b\u0435 \u043c\u043e\u0433\u0443\u0442 \u0431\u044b\u0442\u044c \u043f\u0435\u0440\u0435\u0434\u0430\u043d\u044b: \u043f\u043e\u0441\u0442\u0430\u0432\u0449\u0438\u043a\u0430\u043c \u0418\u0422-\u0443\u0441\u043b\u0443\u0433, \u043a\u043e\u0442\u043e\u0440\u044b\u0435 \u043f\u043e\u043c\u043e\u0433\u0430\u044e\u0442 \u043d\u0430\u043c \u0430\u0434\u043c\u0438\u043d\u0438\u0441\u0442\u0440\u0438\u0440\u043e\u0432\u0430\u0442\u044c \u0432\u0435\u0431-\u0441\u0430\u0439\u0442 \u0438\u043b\u0438 \u0441\u0438\u0441\u0442\u0435\u043c\u044b \u044d\u043b\u0435\u043a\u0442\u0440\u043e\u043d\u043d\u043e\u0439 \u043f\u043e\u0447\u0442\u044b;<br \/>\u041f\u0440\u0430\u0432\u043e\u043e\u0445\u0440\u0430\u043d\u0438\u0442\u0435\u043b\u044c\u043d\u044b\u0435 \u043e\u0440\u0433\u0430\u043d\u044b, \u0435\u0441\u043b\u0438 \u044d\u0442\u043e \u0442\u0440\u0435\u0431\u0443\u0435\u0442\u0441\u044f \u043f\u043e \u0437\u0430\u043a\u043e\u043d\u0443;<br \/>\u0422\u043e\u043b\u044c\u043a\u043e \u0432 \u0442\u043e\u0439 \u043c\u0435\u0440\u0435, \u0432 \u043a\u0430\u043a\u043e\u0439 \u044d\u0442\u043e \u043d\u0435\u043e\u0431\u0445\u043e\u0434\u0438\u043c\u043e \u0438 \u0437\u0430\u043a\u043e\u043d\u043d\u043e.<\/p>\n<p>\u041c\u044b \u043d\u0435 \u043f\u0435\u0440\u0435\u0434\u0430\u0435\u043c \u0432\u0430\u0448\u0438 \u0434\u0430\u043d\u043d\u044b\u0435 \u0432 \u0442\u0440\u0435\u0442\u044c\u0438 \u0441\u0442\u0440\u0430\u043d\u044b \u0437\u0430 \u043f\u0440\u0435\u0434\u0435\u043b\u0430\u043c\u0438 \u0415\u0432\u0440\u043e\u043f\u0435\u0439\u0441\u043a\u043e\u0439 \u044d\u043a\u043e\u043d\u043e\u043c\u0438\u0447\u0435\u0441\u043a\u043e\u0439 \u0437\u043e\u043d\u044b, \u0437\u0430 \u0438\u0441\u043a\u043b\u044e\u0447\u0435\u043d\u0438\u0435\u043c \u0441\u043b\u0443\u0447\u0430\u0435\u0432, \u043a\u043e\u0433\u0434\u0430 \u044d\u0442\u043e \u043d\u0435\u043e\u0431\u0445\u043e\u0434\u0438\u043c\u043e \u0432 \u043a\u043e\u043d\u0442\u0435\u043a\u0441\u0442\u0435 \u043e\u043a\u0430\u0437\u0430\u043d\u0438\u044f \u044e\u0440\u0438\u0434\u0438\u0447\u0435\u0441\u043a\u0438\u0445 \u0443\u0441\u043b\u0443\u0433 \u0438 \u043f\u0440\u0438 \u043d\u0430\u043b\u0438\u0447\u0438\u0438 \u0441\u043e\u043e\u0442\u0432\u0435\u0442\u0441\u0442\u0432\u0443\u044e\u0449\u0438\u0445 \u043c\u0435\u0440 \u043f\u0440\u0435\u0434\u043e\u0441\u0442\u043e\u0440\u043e\u0436\u043d\u043e\u0441\u0442\u0438.<\/p>\n<p><strong>7. \u0412\u0430\u0448\u0438 \u043f\u0440\u0430\u0432\u0430:<\/strong><\/p>\n<p>\u0412\u044b \u0438\u043c\u0435\u0435\u0442\u0435 \u0441\u043b\u0435\u0434\u0443\u044e\u0449\u0438\u0435 \u043f\u0440\u0430\u0432\u0430 \u0432 \u043e\u0442\u043d\u043e\u0448\u0435\u043d\u0438\u0438 \u0441\u0432\u043e\u0438\u0445 \u043f\u0435\u0440\u0441\u043e\u043d\u0430\u043b\u044c\u043d\u044b\u0445 \u0434\u0430\u043d\u043d\u044b\u0445:<br \/>\u0423\u0437\u043d\u0430\u0439\u0442\u0435, \u043a\u0430\u043a\u0438\u0435 \u0434\u0430\u043d\u043d\u044b\u0435 \u043e \u0432\u0430\u0441 \u043c\u044b \u043e\u0431\u0440\u0430\u0431\u0430\u0442\u044b\u0432\u0430\u0435\u043c;<br \/>\u0422\u0440\u0435\u0431\u0443\u0439\u0442\u0435 \u0438\u0441\u043f\u0440\u0430\u0432\u043b\u0435\u043d\u0438\u044f \u043d\u0435\u0432\u0435\u0440\u043d\u044b\u0445 \u0438\u043b\u0438 \u043d\u0435\u0442\u043e\u0447\u043d\u044b\u0445 \u0434\u0430\u043d\u043d\u044b\u0445;<br \/>\u0417\u0430\u043f\u0440\u043e\u0441\u0438\u0442\u044c \u0443\u0434\u0430\u043b\u0435\u043d\u0438\u0435 \u0438\u043d\u0444\u043e\u0440\u043c\u0430\u0446\u0438\u0438 (\u201e\u043f\u0440\u0430\u0432\u043e \u0431\u044b\u0442\u044c \u0437\u0430\u0431\u044b\u0442\u044b\u043c\u201c), \u0435\u0441\u043b\u0438 \u0434\u043b\u044f \u044d\u0442\u043e\u0433\u043e \u043d\u0435\u0442 \u0437\u0430\u043a\u043e\u043d\u043d\u044b\u0445 \u043e\u0441\u043d\u043e\u0432\u0430\u043d\u0438\u0439;<br \/>\u041e\u0433\u0440\u0430\u043d\u0438\u0447\u0438\u0442\u044c \u043e\u0431\u0440\u0430\u0431\u043e\u0442\u043a\u0443 \u0434\u0430\u043d\u043d\u044b\u0445;<br \/>\u041f\u0435\u0440\u0435\u0434\u0430\u0442\u044c \u0434\u0430\u043d\u043d\u044b\u0435 \u0434\u0440\u0443\u0433\u043e\u043c\u0443 \u043a\u043e\u043d\u0442\u0440\u043e\u043b\u043b\u0435\u0440\u0443 \u0434\u0430\u043d\u043d\u044b\u0445;<br \/>\u0412\u043e\u0437\u0440\u0430\u0436\u0430\u0442\u044c \u043f\u0440\u043e\u0442\u0438\u0432 \u043e\u0431\u0440\u0430\u0431\u043e\u0442\u043a\u0438, \u0435\u0441\u043b\u0438 \u043e\u043d\u0430 \u043e\u0441\u043d\u043e\u0432\u0430\u043d\u0430 \u043d\u0430 \u0437\u0430\u043a\u043e\u043d\u043d\u044b\u0445 \u0438\u043d\u0442\u0435\u0440\u0435\u0441\u0430\u0445;<br \/>\u041e\u0442\u043e\u0437\u0432\u0430\u0442\u044c \u0441\u043e\u0433\u043b\u0430\u0441\u0438\u0435 (\u0435\u0441\u043b\u0438 \u0434\u0430\u043d\u043d\u044b\u0435 \u043e\u0431\u0440\u0430\u0431\u0430\u0442\u044b\u0432\u0430\u044e\u0442\u0441\u044f \u043d\u0430 \u043e\u0441\u043d\u043e\u0432\u0430\u043d\u0438\u0438 \u0441\u043e\u0433\u043b\u0430\u0441\u0438\u044f).<br \/>\u0427\u0442\u043e\u0431\u044b \u0432\u043e\u0441\u043f\u043e\u043b\u044c\u0437\u043e\u0432\u0430\u0442\u044c\u0441\u044f \u0441\u0432\u043e\u0438\u043c\u0438 \u043f\u0440\u0430\u0432\u0430\u043c\u0438, \u0441\u0432\u044f\u0436\u0438\u0442\u0435\u0441\u044c \u0441 \u043d\u0430\u043c\u0438 \u043f\u043e \u0430\u0434\u0440\u0435\u0441\u0443 info@lexida.lt.<\/p>\n<p><strong>8. \u041f\u0435\u0447\u0435\u043d\u044c\u0435:<\/strong><\/p>\n<p>\u041d\u0430 \u043d\u0430\u0448\u0435\u043c \u0441\u0430\u0439\u0442\u0435 \u043c\u043e\u0433\u0443\u0442 \u0438\u0441\u043f\u043e\u043b\u044c\u0437\u043e\u0432\u0430\u0442\u044c\u0441\u044f \u043e\u0441\u043d\u043e\u0432\u043d\u044b\u0435 \u0442\u0435\u0445\u043d\u0438\u0447\u0435\u0441\u043a\u0438\u0435 \u0444\u0430\u0439\u043b\u044b cookie, \u043d\u0435\u043e\u0431\u0445\u043e\u0434\u0438\u043c\u044b\u0435 \u0434\u043b\u044f \u0444\u0443\u043d\u043a\u0446\u0438\u043e\u043d\u0438\u0440\u043e\u0432\u0430\u043d\u0438\u044f \u0441\u0430\u0439\u0442\u0430. \u0415\u0441\u043b\u0438 \u043c\u044b \u0438\u0441\u043f\u043e\u043b\u044c\u0437\u0443\u0435\u043c \u0434\u043e\u043f\u043e\u043b\u043d\u0438\u0442\u0435\u043b\u044c\u043d\u044b\u0435 \u0444\u0430\u0439\u043b\u044b cookie (\u043d\u0430\u043f\u0440\u0438\u043c\u0435\u0440, \u0430\u043d\u0430\u043b\u0438\u0442\u0438\u0447\u0435\u0441\u043a\u0438\u0435 \u0438\u043b\u0438 \u043c\u0430\u0440\u043a\u0435\u0442\u0438\u043d\u0433\u043e\u0432\u044b\u0435), \u043c\u044b \u043f\u0440\u0435\u0434\u043e\u0441\u0442\u0430\u0432\u0438\u043c \u0432\u0430\u043c \u043e\u0442\u0434\u0435\u043b\u044c\u043d\u0443\u044e \u0438\u043d\u0444\u043e\u0440\u043c\u0430\u0446\u0438\u044e \u043e\u0431 \u044d\u0442\u043e\u043c \u0438, \u043f\u0440\u0438 \u043d\u0435\u043e\u0431\u0445\u043e\u0434\u0438\u043c\u043e\u0441\u0442\u0438, \u043f\u043e\u043f\u0440\u043e\u0441\u0438\u043c \u0432\u0430\u0448\u0435\u0433\u043e \u0441\u043e\u0433\u043b\u0430\u0441\u0438\u044f.<\/p>\n<p><strong>9. \u0418\u0437\u043c\u0435\u043d\u0435\u043d\u0438\u044f \u0432 \u041f\u043e\u043b\u0438\u0442\u0438\u043a\u0435 \u043a\u043e\u043d\u0444\u0438\u0434\u0435\u043d\u0446\u0438\u0430\u043b\u044c\u043d\u043e\u0441\u0442\u0438:<\/strong><\/p>\n<p>\u041d\u0430\u0441\u0442\u043e\u044f\u0449\u0430\u044f \u041f\u043e\u043b\u0438\u0442\u0438\u043a\u0430 \u043a\u043e\u043d\u0444\u0438\u0434\u0435\u043d\u0446\u0438\u0430\u043b\u044c\u043d\u043e\u0441\u0442\u0438 \u043c\u043e\u0436\u0435\u0442 \u0431\u044b\u0442\u044c \u043e\u0431\u043d\u043e\u0432\u043b\u0435\u043d\u0430 \u0432 \u0441\u043b\u0443\u0447\u0430\u0435 \u0438\u0437\u043c\u0435\u043d\u0435\u043d\u0438\u0439 \u0432 \u0437\u0430\u043a\u043e\u043d\u043e\u0434\u0430\u0442\u0435\u043b\u044c\u0441\u0442\u0432\u0435 \u0438\u043b\u0438 \u0432 \u043d\u0430\u0448\u0435\u0439 \u0434\u0435\u044f\u0442\u0435\u043b\u044c\u043d\u043e\u0441\u0442\u0438. \u041c\u044b \u0431\u0443\u0434\u0435\u043c \u0443\u0432\u0435\u0434\u043e\u043c\u043b\u044f\u0442\u044c \u0432\u0430\u0441 \u043e \u0441\u0443\u0449\u0435\u0441\u0442\u0432\u0435\u043d\u043d\u044b\u0445 \u0438\u0437\u043c\u0435\u043d\u0435\u043d\u0438\u044f\u0445 \u043d\u0430 \u043d\u0430\u0448\u0435\u043c \u0441\u0430\u0439\u0442\u0435.<\/p>\n<p><strong>\u0414\u0410\u0422\u0410 \u041f\u0420\u041e\u0414\u041b\u0415\u041d\u0418\u042f:<\/strong> 2026-01-21<\/p>\t\t\t\t\t\t\t\t<\/div>\n\t\t\t\t\t<\/div>\n\t\t\t\t<\/div>\n\t\t\t\t<\/div>","protected":false},"excerpt":{"rendered":"<p>PRIVATUMO POLITIKA 1. Duomen\u0173 valdytojas: Duomen\u0173 valdytojas: Lexida MBJuridinio asmens kodas: 307536612Buvein\u0117s adresas: Tal\u0161os g. 2-49, \u0160iauliaiEl. pa\u0161tas: info@lexida.lt 2. Kokius duomenis renkame? Mes galime rinkti \u0161iuos J\u016bs\u0173 asmens duomenis:Vard\u0105 ir pavard\u0119;Kontaktinius duomenis (el. pa\u0161t\u0105, telefono numer\u012f);Informacij\u0105, kuri\u0105 pateikiate susisiekdami su mumis (per kontaktin\u0119 form\u0105, el. pa\u0161tu ar telefonu);Nar\u0161ymo duomenis (pvz., IP adres\u0105, naudojam\u0105 nar\u0161ykl\u0119, [&hellip;]<\/p>","protected":false},"author":1,"featured_media":0,"parent":0,"menu_order":0,"comment_status":"closed","ping_status":"closed","template":"","meta":{"site-sidebar-layout":"default","site-content-layout":"","ast-site-content-layout":"default","site-content-style":"default","site-sidebar-style":"default","ast-global-header-display":"","ast-banner-title-visibility":"","ast-main-header-display":"","ast-hfb-above-header-display":"","ast-hfb-below-header-display":"","ast-hfb-mobile-header-display":"","site-post-title":"","ast-breadcrumbs-content":"","ast-featured-img":"","footer-sml-layout":"","ast-disable-related-posts":"","theme-transparent-header-meta":"","adv-header-id-meta":"","stick-header-meta":"","header-above-stick-meta":"","header-main-stick-meta":"","header-below-stick-meta":"","astra-migrate-meta-layouts":"set","ast-page-background-enabled":"default","ast-page-background-meta":{"desktop":{"background-color":"","background-image":"","background-repeat":"repeat","background-position":"center center","background-size":"auto","background-attachment":"scroll","background-type":"","background-media":"","overlay-type":"","overlay-color":"","overlay-opacity":"","overlay-gradient":""},"tablet":{"background-color":"","background-image":"","background-repeat":"repeat","background-position":"center center","background-size":"auto","background-attachment":"scroll","background-type":"","background-media":"","overlay-type":"","overlay-color":"","overlay-opacity":"","overlay-gradient":""},"mobile":{"background-color":"","background-image":"","background-repeat":"repeat","background-position":"center center","background-size":"auto","background-attachment":"scroll","background-type":"","background-media":"","overlay-type":"","overlay-color":"","overlay-opacity":"","overlay-gradient":""}},"ast-content-background-meta":{"desktop":{"background-color":"var(--ast-global-color-5)","background-image":"","background-repeat":"repeat","background-position":"center center","background-size":"auto","background-attachment":"scroll","background-type":"","background-media":"","overlay-type":"","overlay-color":"","overlay-opacity":"","overlay-gradient":""},"tablet":{"background-color":"var(--ast-global-color-5)","background-image":"","background-repeat":"repeat","background-position":"center center","background-size":"auto","background-attachment":"scroll","background-type":"","background-media":"","overlay-type":"","overlay-color":"","overlay-opacity":"","overlay-gradient":""},"mobile":{"background-color":"var(--ast-global-color-5)","background-image":"","background-repeat":"repeat","background-position":"center center","background-size":"auto","background-attachment":"scroll","background-type":"","background-media":"","overlay-type":"","overlay-color":"","overlay-opacity":"","overlay-gradient":""}},"footnotes":""},"class_list":["post-3","page","type-page","status-publish","hentry"],"aioseo_notices":[],"_links":{"self":[{"href":"https:\/\/lexida.lt\/ru\/wp-json\/wp\/v2\/pages\/3","targetHints":{"allow":["GET"]}}],"collection":[{"href":"https:\/\/lexida.lt\/ru\/wp-json\/wp\/v2\/pages"}],"about":[{"href":"https:\/\/lexida.lt\/ru\/wp-json\/wp\/v2\/types\/page"}],"author":[{"embeddable":true,"href":"https:\/\/lexida.lt\/ru\/wp-json\/wp\/v2\/users\/1"}],"replies":[{"embeddable":true,"href":"https:\/\/lexida.lt\/ru\/wp-json\/wp\/v2\/comments?post=3"}],"version-history":[{"count":8,"href":"https:\/\/lexida.lt\/ru\/wp-json\/wp\/v2\/pages\/3\/revisions"}],"predecessor-version":[{"id":2098,"href":"https:\/\/lexida.lt\/ru\/wp-json\/wp\/v2\/pages\/3\/revisions\/2098"}],"wp:attachment":[{"href":"https:\/\/lexida.lt\/ru\/wp-json\/wp\/v2\/media?parent=3"}],"curies":[{"name":"wp","href":"https:\/\/api.w.org\/{rel}","templated":true}]}}