{"id":2630,"date":"2026-02-20T13:56:49","date_gmt":"2026-02-20T11:56:49","guid":{"rendered":"https:\/\/lexida.lt\/?page_id=2630"},"modified":"2026-03-13T15:01:44","modified_gmt":"2026-03-13T13:01:44","slug":"%d1%81%d1%82%d1%80%d0%b0%d0%bd%d0%b8%d1%86%d0%b0-%d0%be%d0%bf%d0%bb%d0%b0%d1%82%d1%8b","status":"publish","type":"page","link":"https:\/\/lexida.lt\/ru\/%d1%81%d1%82%d1%80%d0%b0%d0%bd%d0%b8%d1%86%d0%b0-%d0%be%d0%bf%d0%bb%d0%b0%d1%82%d1%8b\/","title":{"rendered":"\u0421\u0442\u0440\u0430\u043d\u0438\u0446\u0430 \u043e\u043f\u043b\u0430\u0442\u044b"},"content":{"rendered":"<div data-elementor-type=\"wp-page\" data-elementor-id=\"2630\" class=\"elementor elementor-2630\">\n\t\t\t\t<div class=\"elementor-element elementor-element-79eefe8 e-flex e-con-boxed e-con e-parent\" data-id=\"79eefe8\" data-element_type=\"container\" data-e-type=\"container\">\n\t\t\t\t\t<div class=\"e-con-inner\">\n\t\t\t\t<div class=\"elementor-element elementor-element-97e5886 elementor-widget elementor-widget-heading\" data-id=\"97e5886\" data-element_type=\"widget\" data-e-type=\"widget\" data-widget_type=\"heading.default\">\n\t\t\t\t\t<h1 class=\"elementor-heading-title elementor-size-default\">\u041e\u043f\u043b\u0430\u0442\u0430 \u0441\u0447\u0435\u0442\u043e\u0432<\/h1>\t\t\t\t<\/div>\n\t\t\t\t<div class=\"elementor-element elementor-element-b0fad4c elementor-widget elementor-widget-text-editor\" data-id=\"b0fad4c\" data-element_type=\"widget\" data-e-type=\"widget\" data-widget_type=\"text-editor.default\">\n\t\t\t\t\t\t\t\t\t<p>\u0411\u043b\u0430\u0433\u043e\u0434\u0430\u0440\u0438\u043c \u0432\u0430\u0441 \u0437\u0430 \u0434\u043e\u0432\u0435\u0440\u0438\u0435 \u043a \u043d\u0430\u0448\u0438\u043c \u0443\u0441\u043b\u0443\u0433\u0430\u043c. \u041d\u0438\u0436\u0435 \u043f\u0440\u0438\u0432\u0435\u0434\u0435\u043d\u0430 \u0438\u043d\u0444\u043e\u0440\u043c\u0430\u0446\u0438\u044f \u043e \u043d\u0430\u0448\u0435\u043c \u0441\u0447\u0435\u0442\u0435 \u0438 \u0434\u043e\u0441\u0442\u0443\u043f\u043d\u044b\u0445 \u0441\u043f\u043e\u0441\u043e\u0431\u0430\u0445 \u043e\u043f\u043b\u0430\u0442\u044b.<\/p>\t\t\t\t\t\t\t\t<\/div>\n\t\t\t\t\t<\/div>\n\t\t\t\t<\/div>\n\t\t<div class=\"elementor-element elementor-element-dcc3ee3 e-flex e-con-boxed e-con e-parent\" data-id=\"dcc3ee3\" data-element_type=\"container\" data-e-type=\"container\">\n\t\t\t\t\t<div class=\"e-con-inner\">\n\t\t\t\t<div class=\"elementor-element elementor-element-3b719bb e-n-tabs-mobile elementor-widget elementor-widget-n-tabs\" data-id=\"3b719bb\" data-element_type=\"widget\" data-e-type=\"widget\" data-settings=\"{&quot;horizontal_scroll&quot;:&quot;disable&quot;}\" data-widget_type=\"nested-tabs.default\">\n\t\t\t\t\t\t\t<div class=\"e-n-tabs\" data-widget-number=\"62331323\" aria-label=\"\u0412\u043a\u043b\u0430\u0434\u043a\u0438. \u041e\u0442\u043a\u0440\u044b\u0432\u0430\u0439\u0442\u0435 \u044d\u043b\u0435\u043c\u0435\u043d\u0442\u044b \u0441 \u043f\u043e\u043c\u043e\u0449\u044c\u044e \u043a\u043b\u0430\u0432\u0438\u0448 Enter \u0438\u043b\u0438 Space, \u0437\u0430\u043a\u0440\u044b\u0432\u0430\u0439\u0442\u0435 \u0441 \u043f\u043e\u043c\u043e\u0449\u044c\u044e Escape \u0438 \u043f\u0435\u0440\u0435\u043c\u0435\u0449\u0430\u0439\u0442\u0435\u0441\u044c \u0441 \u043f\u043e\u043c\u043e\u0449\u044c\u044e \u043a\u043b\u0430\u0432\u0438\u0448 \u0441\u043e \u0441\u0442\u0440\u0435\u043b\u043a\u0430\u043c\u0438.\" data-no-translation-aria-label=\"\">\n\t\t\t<div class=\"e-n-tabs-heading\" role=\"tablist\">\n\t\t\t\t\t<button id=\"e-n-tab-title-623313231\" data-tab-title-id=\"e-n-tab-title-623313231\" class=\"e-n-tab-title\" aria-selected=\"true\" data-tab-index=\"1\" role=\"tab\" tabindex=\"0\" aria-controls=\"e-n-tab-content-623313231\" style=\"--n-tabs-title-order: 1;\">\n\t\t\t\t\t\t<span class=\"e-n-tab-title-text\">\n\t\t\t\tPayPal\t\t\t<\/span>\n\t\t<\/button>\n\t\t\t\t<button id=\"e-n-tab-title-623313232\" data-tab-title-id=\"e-n-tab-title-623313232\" class=\"e-n-tab-title\" aria-selected=\"false\" data-tab-index=\"2\" role=\"tab\" tabindex=\"-1\" aria-controls=\"e-n-tab-content-623313232\" style=\"--n-tabs-title-order: 2;\">\n\t\t\t\t\t\t<span class=\"e-n-tab-title-text\">\n\t\t\t\tPaysera\t\t\t<\/span>\n\t\t<\/button>\n\t\t\t\t<button id=\"e-n-tab-title-623313233\" data-tab-title-id=\"e-n-tab-title-623313233\" class=\"e-n-tab-title\" aria-selected=\"false\" data-tab-index=\"3\" role=\"tab\" tabindex=\"-1\" aria-controls=\"e-n-tab-content-623313233\" style=\"--n-tabs-title-order: 3;\">\n\t\t\t\t\t\t<span class=\"e-n-tab-title-text\">\n\t\t\t\t\u0411\u0430\u043d\u043a\u043e\u0432\u0441\u043a\u0438\u0439 \u043f\u0435\u0440\u0435\u0432\u043e\u0434\t\t\t<\/span>\n\t\t<\/button>\n\t\t\t\t\t<\/div>\n\t\t\t<div class=\"e-n-tabs-content\">\n\t\t\t\t<div id=\"e-n-tab-content-623313231\" role=\"tabpanel\" aria-labelledby=\"e-n-tab-title-623313231\" data-tab-index=\"1\" style=\"--n-tabs-title-order: 1;\" class=\"e-active elementor-element elementor-element-b7d8305 e-con-full e-flex e-con e-child\" data-id=\"b7d8305\" data-element_type=\"container\" data-e-type=\"container\" data-settings=\"{&quot;background_background&quot;:&quot;classic&quot;}\">\n\t\t<div class=\"elementor-element elementor-element-db7b380 e-flex e-con-boxed e-con e-child\" data-id=\"db7b380\" data-element_type=\"container\" data-e-type=\"container\">\n\t\t\t\t\t<div class=\"e-con-inner\">\n\t\t\t\t<div class=\"elementor-element elementor-element-47adfeb elementor-widget elementor-widget-heading\" data-id=\"47adfeb\" data-element_type=\"widget\" data-e-type=\"widget\" data-widget_type=\"heading.default\">\n\t\t\t\t\t<h2 class=\"elementor-heading-title elementor-size-default\">\u041e\u043f\u043b\u0430\u0442\u0430 \u0447\u0435\u0440\u0435\u0437 PayPal<\/h2>\t\t\t\t<\/div>\n\t\t\t\t<div class=\"elementor-element elementor-element-faa6475 elementor-widget elementor-widget-text-editor\" data-id=\"faa6475\" data-element_type=\"widget\" data-e-type=\"widget\" data-widget_type=\"text-editor.default\">\n\t\t\t\t\t\t\t\t\t<p>\u0411\u044b\u0441\u0442\u0440\u0430\u044f \u0438 \u0431\u0435\u0437\u043e\u043f\u0430\u0441\u043d\u0430\u044f \u043e\u043f\u043b\u0430\u0442\u0430 \u0441 \u043f\u043e\u043c\u043e\u0449\u044c\u044e \u0441\u0438\u0441\u0442\u0435\u043c\u044b PayPal.<br data-start=\"799\" data-end=\"802\" \/>\u041f\u043e\u0441\u043b\u0435 \u043d\u0430\u0436\u0430\u0442\u0438\u044f \u043a\u043d\u043e\u043f\u043a\u0438 \u0432\u044b \u0431\u0443\u0434\u0435\u0442\u0435 \u043f\u0435\u0440\u0435\u043d\u0430\u043f\u0440\u0430\u0432\u043b\u0435\u043d\u044b \u043d\u0430 \u0441\u0442\u0440\u0430\u043d\u0438\u0446\u0443 \u043e\u043f\u043b\u0430\u0442\u044b PayPal.<br \/>\u041f\u043e\u0436\u0430\u043b\u0443\u0439\u0441\u0442\u0430, \u0443\u043a\u0430\u0436\u0438\u0442\u0435 \u043d\u043e\u043c\u0435\u0440 \u0432\u0430\u0448\u0435\u0433\u043e \u0441\u0447\u0435\u0442\u0430-\u0444\u0430\u043a\u0442\u0443\u0440\u044b \u043f\u0440\u0438 \u0441\u043e\u0432\u0435\u0440\u0448\u0435\u043d\u0438\u0438 \u043f\u043b\u0430\u0442\u0435\u0436\u0430.<\/p>\t\t\t\t\t\t\t\t<\/div>\n\t\t\t\t<div class=\"elementor-element elementor-element-2384e74 elementor-align-center elementor-widget elementor-widget-button\" data-id=\"2384e74\" data-element_type=\"widget\" data-e-type=\"widget\" data-widget_type=\"button.default\">\n\t\t\t\t\t\t\t\t\t\t<a class=\"elementor-button elementor-button-link elementor-size-sm\" href=\"https:\/\/www.paypal.com\/ncp\/payment\/99J4F6E5UWHLN\" target=\"_blank\">\n\t\t\t\t\t\t<span class=\"elementor-button-content-wrapper\">\n\t\t\t\t\t\t\t\t\t<span class=\"elementor-button-text\">\u041e\u043f\u043b\u0430\u0442\u0430 \u0447\u0435\u0440\u0435\u0437 PayPal<\/span>\n\t\t\t\t\t<\/span>\n\t\t\t\t\t<\/a>\n\t\t\t\t\t\t\t\t<\/div>\n\t\t\t\t\t<\/div>\n\t\t\t\t<\/div>\n\t\t\t\t<\/div>\n\t\t<div id=\"e-n-tab-content-623313232\" role=\"tabpanel\" aria-labelledby=\"e-n-tab-title-623313232\" data-tab-index=\"2\" style=\"--n-tabs-title-order: 2;\" class=\"elementor-element elementor-element-3ea3797 e-con-full e-flex e-con e-child\" data-id=\"3ea3797\" data-element_type=\"container\" data-e-type=\"container\" data-settings=\"{&quot;background_background&quot;:&quot;classic&quot;}\">\n\t\t<div class=\"elementor-element elementor-element-03a6f6d e-flex e-con-boxed e-con e-child\" data-id=\"03a6f6d\" data-element_type=\"container\" data-e-type=\"container\">\n\t\t\t\t\t<div class=\"e-con-inner\">\n\t\t\t\t<div class=\"elementor-element elementor-element-df9c2d8 elementor-widget elementor-widget-heading\" data-id=\"df9c2d8\" data-element_type=\"widget\" data-e-type=\"widget\" data-widget_type=\"heading.default\">\n\t\t\t\t\t<h2 class=\"elementor-heading-title elementor-size-default\">\u041e\u043f\u043b\u0430\u0442\u0430 \u0447\u0435\u0440\u0435\u0437 Paysera<\/h2>\t\t\t\t<\/div>\n\t\t\t\t<div class=\"elementor-element elementor-element-7bed5e8 elementor-widget elementor-widget-text-editor\" data-id=\"7bed5e8\" data-element_type=\"widget\" data-e-type=\"widget\" data-widget_type=\"text-editor.default\">\n\t\t\t\t\t\t\t\t\t<p>\u041e\u043f\u043b\u0430\u0442\u0430 \u043f\u0440\u043e\u0438\u0437\u0432\u043e\u0434\u0438\u0442\u0441\u044f \u0447\u0435\u0440\u0435\u0437 \u044d\u043b\u0435\u043a\u0442\u0440\u043e\u043d\u043d\u0443\u044e \u043f\u043b\u0430\u0442\u0435\u0436\u043d\u0443\u044e \u0441\u0438\u0441\u0442\u0435\u043c\u0443 Paysera.<br data-start=\"1011\" data-end=\"1014\" \/>\u0412\u044b \u0441\u043c\u043e\u0436\u0435\u0442\u0435 \u0432\u044b\u0431\u0440\u0430\u0442\u044c \u0431\u0430\u043d\u043a \u0438\u043b\u0438 \u0434\u0440\u0443\u0433\u043e\u0439 \u043f\u0440\u0435\u0434\u043b\u043e\u0436\u0435\u043d\u043d\u044b\u0439 \u0441\u043f\u043e\u0441\u043e\u0431 \u043e\u043f\u043b\u0430\u0442\u044b.<br \/>\u0412 \u043e\u043a\u043d\u0435 \u043e\u043f\u043b\u0430\u0442\u044b \u0432\u044b \u0441\u043c\u043e\u0436\u0435\u0442\u0435 \u0432\u0432\u0435\u0441\u0442\u0438 \u043d\u043e\u043c\u0435\u0440 \u0441\u0447\u0435\u0442\u0430-\u0444\u0430\u043a\u0442\u0443\u0440\u044b.<\/p>\t\t\t\t\t\t\t\t<\/div>\n\t\t\t\t<div class=\"elementor-element elementor-element-ecb850b elementor-align-center elementor-widget elementor-widget-button\" data-id=\"ecb850b\" data-element_type=\"widget\" data-e-type=\"widget\" data-widget_type=\"button.default\">\n\t\t\t\t\t\t\t\t\t\t<a class=\"elementor-button elementor-button-link elementor-size-sm\" href=\"https:\/\/lexida.lt\/ru\/%d1%83%d1%81%d0%bb%d1%83%d0%b3%d0%b8\/%d0%be%d0%bf%d0%bb%d0%b0%d1%82%d0%b0-%d1%83%d1%81%d0%bb%d1%83%d0%b3\/\">\n\t\t\t\t\t\t<span class=\"elementor-button-content-wrapper\">\n\t\t\t\t\t\t\t\t\t<span class=\"elementor-button-text\">\u041e\u043f\u043b\u0430\u0442\u0430 \u0447\u0435\u0440\u0435\u0437 PAYSERA<\/span>\n\t\t\t\t\t<\/span>\n\t\t\t\t\t<\/a>\n\t\t\t\t\t\t\t\t<\/div>\n\t\t\t\t\t<\/div>\n\t\t\t\t<\/div>\n\t\t\t\t<\/div>\n\t\t<div id=\"e-n-tab-content-623313233\" role=\"tabpanel\" aria-labelledby=\"e-n-tab-title-623313233\" data-tab-index=\"3\" style=\"--n-tabs-title-order: 3;\" class=\"elementor-element elementor-element-48cd917 e-con-full e-flex e-con e-child\" data-id=\"48cd917\" data-element_type=\"container\" data-e-type=\"container\" data-settings=\"{&quot;background_background&quot;:&quot;classic&quot;}\">\n\t\t<div class=\"elementor-element elementor-element-5ed8bd7 e-flex e-con-boxed e-con e-child\" data-id=\"5ed8bd7\" data-element_type=\"container\" data-e-type=\"container\">\n\t\t\t\t\t<div class=\"e-con-inner\">\n\t\t\t\t<div class=\"elementor-element elementor-element-d8e976c elementor-widget elementor-widget-heading\" data-id=\"d8e976c\" data-element_type=\"widget\" data-e-type=\"widget\" data-widget_type=\"heading.default\">\n\t\t\t\t\t<h2 class=\"elementor-heading-title elementor-size-default\">\u041e\u043f\u043b\u0430\u0442\u0430 \u0431\u0430\u043d\u043a\u043e\u0432\u0441\u043a\u0438\u043c \u043f\u0435\u0440\u0435\u0432\u043e\u0434\u043e\u043c<\/h2>\t\t\t\t<\/div>\n\t\t\t\t<div class=\"elementor-element elementor-element-c0ab504 elementor-widget elementor-widget-text-editor\" data-id=\"c0ab504\" data-element_type=\"widget\" data-e-type=\"widget\" data-widget_type=\"text-editor.default\">\n\t\t\t\t\t\t\t\t\t<p data-start=\"1181\" data-end=\"1266\">\u0412\u044b \u0442\u0430\u043a\u0436\u0435 \u043c\u043e\u0436\u0435\u0442\u0435 \u043f\u0440\u043e\u0438\u0437\u0432\u0435\u0441\u0442\u0438 \u043e\u043f\u043b\u0430\u0442\u0443 \u0431\u0430\u043d\u043a\u043e\u0432\u0441\u043a\u0438\u043c \u043f\u0435\u0440\u0435\u0432\u043e\u0434\u043e\u043c, \u0438\u0441\u043f\u043e\u043b\u044c\u0437\u0443\u044f \u0443\u043a\u0430\u0437\u0430\u043d\u043d\u044b\u0435 \u043d\u0438\u0436\u0435 \u0440\u0435\u043a\u0432\u0438\u0437\u0438\u0442\u044b.<\/p>\t\t\t\t\t\t\t\t<\/div>\n\t\t\t\t<div class=\"elementor-element elementor-element-964f1f3 elementor-widget elementor-widget-text-editor\" data-id=\"964f1f3\" data-element_type=\"widget\" data-e-type=\"widget\" data-widget_type=\"text-editor.default\">\n\t\t\t\t\t\t\t\t\t<p data-start=\"1268\" data-end=\"1512\"><strong data-start=\"1268\" data-end=\"1280\">\u041f\u043e\u043b\u0443\u0447\u0430\u0442\u0435\u043b\u044c:<\/strong> MB LEXIDA<br data-start=\"1358\" data-end=\"1361\" \/><strong data-start=\"1361\" data-end=\"1372\">\u0411\u0430\u043d\u043a\u0430\u0441:<\/strong> AB SEB bankas<br data-start=\"1392\" data-end=\"1395\" \/><strong data-start=\"1395\" data-end=\"1424\">\u041d\u043e\u043c\u0435\u0440 \u0441\u0447\u0435\u0442\u0430 (IBAN):<\/strong> LT327044090115826493<br data-start=\"1451\" data-end=\"1454\" \/><strong data-start=\"1454\" data-end=\"1468\">SWIFT\/BIC:<\/strong> CBVILT2X<br data-start=\"1476\" data-end=\"1479\" \/><strong data-start=\"1479\" data-end=\"1502\">\u0426\u0435\u043b\u044c \u043f\u043b\u0430\u0442\u0435\u0436\u0430:<\/strong> \u041d\u043e\u043c\u0435\u0440 \u0441\u0447\u0435\u0442\u0430-\u0444\u0430\u043a\u0442\u0443\u0440\u044b<\/p><p data-start=\"1514\" data-end=\"1580\"><strong>\u041f\u043e\u0436\u0430\u043b\u0443\u0439\u0441\u0442\u0430, \u0443\u043a\u0430\u0436\u0438\u0442\u0435 \u0442\u043e\u0447\u043d\u044b\u0439 \u043d\u043e\u043c\u0435\u0440 \u0441\u0447\u0435\u0442\u0430 \u0432 \u043d\u0430\u0437\u043d\u0430\u0447\u0435\u043d\u0438\u0438 \u043f\u043b\u0430\u0442\u0435\u0436\u0430.<\/strong><\/p>\t\t\t\t\t\t\t\t<\/div>\n\t\t\t\t\t<\/div>\n\t\t\t\t<\/div>\n\t\t\t\t<\/div>\n\t\t\t\t\t<\/div>\n\t\t<\/div>\n\t\t\t\t\t\t<\/div>\n\t\t\t\t\t<\/div>\n\t\t\t\t<\/div>\n\t\t<div class=\"elementor-element elementor-element-287ab0c e-flex e-con-boxed e-con e-parent\" data-id=\"287ab0c\" data-element_type=\"container\" data-e-type=\"container\">\n\t\t\t\t\t<div class=\"e-con-inner\">\n\t\t<div class=\"elementor-element elementor-element-4c8f299 e-con-full e-flex e-con e-child\" data-id=\"4c8f299\" data-element_type=\"container\" data-e-type=\"container\" data-settings=\"{&quot;background_background&quot;:&quot;classic&quot;}\">\n\t\t\t\t<div class=\"elementor-element elementor-element-2fbb99f elementor-widget elementor-widget-heading\" data-id=\"2fbb99f\" data-element_type=\"widget\" data-e-type=\"widget\" data-widget_type=\"heading.default\">\n\t\t\t\t\t<h2 class=\"elementor-heading-title elementor-size-default\">\u0423\u0441\u043b\u043e\u0432\u0438\u044f \u043e\u043f\u043b\u0430\u0442\u044b<\/h2>\t\t\t\t<\/div>\n\t\t\t\t<div class=\"elementor-element elementor-element-14411da elementor-widget elementor-widget-text-editor\" data-id=\"14411da\" data-element_type=\"widget\" data-e-type=\"widget\" data-widget_type=\"text-editor.default\">\n\t\t\t\t\t\t\t\t\t<ul data-start=\"1705\" data-end=\"1936\"><li data-start=\"1705\" data-end=\"1780\"><p data-start=\"1707\" data-end=\"1780\">\u041f\u043b\u0430\u0442\u0435\u0436 \u0441\u0447\u0438\u0442\u0430\u0435\u0442\u0441\u044f \u0437\u0430\u0432\u0435\u0440\u0448\u0435\u043d\u043d\u044b\u043c, \u043a\u043e\u0433\u0434\u0430 \u0441\u0440\u0435\u0434\u0441\u0442\u0432\u0430 \u0437\u0430\u0447\u0438\u0441\u043b\u044f\u044e\u0442\u0441\u044f \u043d\u0430 \u043d\u0430\u0448 \u0431\u0430\u043d\u043a\u043e\u0432\u0441\u043a\u0438\u0439 \u0441\u0447\u0435\u0442.<\/p><\/li><li data-start=\"1781\" data-end=\"1835\"><p data-start=\"1783\" data-end=\"1835\">\u0411\u0430\u043d\u043a\u043e\u0432\u0441\u043a\u0438\u0435 \u043f\u0435\u0440\u0435\u0432\u043e\u0434\u044b \u043c\u043e\u0433\u0443\u0442 \u0437\u0430\u043d\u0438\u043c\u0430\u0442\u044c 1-2 \u0440\u0430\u0431\u043e\u0447\u0438\u0445 \u0434\u043d\u044f. \u041f\u043e\u044d\u0442\u043e\u043c\u0443 \u043c\u044b \u0440\u0435\u043a\u043e\u043c\u0435\u043d\u0434\u0443\u0435\u043c \u0438\u0441\u043f\u043e\u043b\u044c\u0437\u043e\u0432\u0430\u0442\u044c PayPal \u0438\u043b\u0438 Paysera.<\/p><\/li><li data-start=\"1836\" data-end=\"1936\"><p data-start=\"1838\" data-end=\"1936\">\u041e\u043a\u0430\u0437\u0430\u043d\u0438\u0435 \u0443\u0441\u043b\u0443\u0433 \u0438\u043b\u0438 \u043d\u0430\u0447\u0430\u043b\u043e \u0440\u0430\u0431\u043e\u0442 \u043e\u0441\u0443\u0449\u0435\u0441\u0442\u0432\u043b\u044f\u0435\u0442\u0441\u044f \u043f\u043e\u0441\u043b\u0435 \u043f\u043e\u043b\u0443\u0447\u0435\u043d\u0438\u044f \u043e\u043f\u043b\u0430\u0442\u044b, \u0435\u0441\u043b\u0438 \u0438\u043d\u043e\u0435 \u043d\u0435 \u043f\u0440\u0435\u0434\u0443\u0441\u043c\u043e\u0442\u0440\u0435\u043d\u043e \u0434\u043e\u0433\u043e\u0432\u043e\u0440\u043e\u043c.<\/p><\/li><\/ul><h2 data-start=\"1943\" data-end=\"1954\">\u0421\u0430\u0443\u0433\u0443\u043c\u0430\u0441<\/h2><p data-start=\"1956\" data-end=\"2098\">\u041f\u043e\u0441\u0435\u0442\u0438\u0442\u0435 \u044d\u043b\u0435\u043a\u0442\u0440\u043e\u043d\u043d\u044b\u0435 \u0443\u0441\u0442\u0440\u043e\u0439\u0441\u0442\u0432\u0430, \u043a\u043e\u0442\u043e\u0440\u044b\u0435 \u043f\u043e\u043c\u043e\u0433\u0443\u0442 \u0432\u0430\u043c \u0438\u0441\u043f\u043e\u043b\u044c\u0437\u043e\u0432\u0430\u0442\u044c \u0441\u0438\u0441\u0442\u0435\u043c\u044b \u0438 \u0438\u0441\u043f\u043e\u043b\u044c\u0437\u043e\u0432\u0430\u0442\u044c SSL-\u0448\u0438\u0444\u0440\u043e\u0432\u0430\u043d\u0438\u0435.<br data-start=\"2048\" data-end=\"2051\" \/>\u041f\u043b\u0430\u0442\u0435\u0436\u043d\u044b\u0435 \u0434\u0430\u043d\u043d\u044b\u0435 \u043d\u0435 \u0445\u0440\u0430\u043d\u044f\u0442\u0441\u044f \u043d\u0430 \u043d\u0430\u0448\u0435\u043c \u0441\u0430\u0439\u0442\u0435.<\/p><h2 data-start=\"2105\" data-end=\"2139\">\u0427\u0430\u0441\u0442\u043e \u0437\u0430\u0434\u0430\u0432\u0430\u0435\u043c\u044b\u0435 \u0432\u043e\u043f\u0440\u043e\u0441\u044b<\/h2><p data-start=\"2141\" data-end=\"2288\"><strong data-start=\"2141\" data-end=\"2181\">\u041a\u043e\u0433\u0434\u0430 \u044f \u043f\u043e\u043b\u0443\u0447\u0443 \u043f\u043e\u0434\u0442\u0432\u0435\u0440\u0436\u0434\u0435\u043d\u0438\u0435 \u043e\u043f\u043b\u0430\u0442\u044b?<\/strong><br data-start=\"2181\" data-end=\"2184\" \/>\u0412 \u0441\u043b\u0443\u0447\u0430\u0435 \u044d\u043b\u0435\u043a\u0442\u0440\u043e\u043d\u043d\u043e\u0433\u043e \u043f\u043b\u0430\u0442\u0435\u0436\u0430 \u2014 \u0441\u0440\u0430\u0437\u0443 \u043f\u043e\u0441\u043b\u0435 \u0443\u0441\u043f\u0435\u0448\u043d\u043e\u0433\u043e \u0437\u0430\u0432\u0435\u0440\u0448\u0435\u043d\u0438\u044f \u0442\u0440\u0430\u043d\u0437\u0430\u043a\u0446\u0438\u0438. \u0412 \u0441\u043b\u0443\u0447\u0430\u0435 \u0431\u0430\u043d\u043a\u043e\u0432\u0441\u043a\u043e\u0433\u043e \u043f\u0435\u0440\u0435\u0432\u043e\u0434\u0430 \u2014 \u043f\u043e \u043f\u043e\u043b\u0443\u0447\u0435\u043d\u0438\u0438 \u0441\u0440\u0435\u0434\u0441\u0442\u0432.<\/p><p data-start=\"2290\" data-end=\"2407\"><strong data-start=\"2290\" data-end=\"2341\">\u041c\u043e\u0433\u0443 \u043b\u0438 \u044f \u043f\u043e\u043b\u0443\u0447\u0438\u0442\u044c \u0434\u043e\u043f\u043e\u043b\u043d\u0438\u0442\u0435\u043b\u044c\u043d\u043e\u0435 \u043f\u043e\u0434\u0442\u0432\u0435\u0440\u0436\u0434\u0435\u043d\u0438\u0435 \u043e\u043f\u043b\u0430\u0442\u044b?<\/strong><br data-start=\"2341\" data-end=\"2344\" \/>\u0414\u0430, \u0441\u0432\u044f\u0436\u0438\u0442\u0435\u0441\u044c \u0441 \u043d\u0430\u043c\u0438, \u0438 \u043c\u044b \u0432\u044b\u0448\u043b\u0435\u043c \u0432\u0430\u043c \u043f\u043e\u0434\u0442\u0432\u0435\u0440\u0436\u0434\u0430\u044e\u0449\u0435\u0435 \u043f\u0438\u0441\u044c\u043c\u043e.<\/p><p data-start=\"2409\" data-end=\"2500\"><strong data-start=\"2409\" data-end=\"2454\">\u0427\u0442\u043e \u0434\u0435\u043b\u0430\u0442\u044c, \u0435\u0441\u043b\u0438 \u0441\u0441\u044b\u043b\u043a\u0430 \u0434\u043b\u044f \u043e\u043f\u043b\u0430\u0442\u044b \u043d\u0435 \u0440\u0430\u0431\u043e\u0442\u0430\u0435\u0442?<\/strong><br data-start=\"2454\" data-end=\"2457\" \/>\u0421\u0432\u044f\u0436\u0438\u0442\u0435\u0441\u044c \u0441 \u043d\u0430\u043c\u0438, \u0438\u0441\u043f\u043e\u043b\u044c\u0437\u0443\u044f \u0443\u043a\u0430\u0437\u0430\u043d\u043d\u044b\u0435 \u043a\u043e\u043d\u0442\u0430\u043a\u0442\u043d\u044b\u0435 \u0434\u0430\u043d\u043d\u044b\u0435.<\/p><h2 data-start=\"2507\" data-end=\"2519\">\u041a\u043e\u043d\u0442\u0430\u043a\u0442\u044b<\/h2><p data-start=\"2521\" data-end=\"2571\">\u0415\u0441\u043b\u0438 \u0443 \u0432\u0430\u0441 \u0435\u0441\u0442\u044c \u0432\u043e\u043f\u0440\u043e\u0441\u044b \u043f\u043e \u043f\u043e\u0432\u043e\u0434\u0443 \u0432\u0430\u0448\u0435\u0433\u043e \u0441\u0447\u0435\u0442\u0430 \u0438\u043b\u0438 \u043f\u043b\u0430\u0442\u0435\u0436\u0430:<\/p><p data-start=\"2521\" data-end=\"2571\"><strong data-start=\"2614\" data-end=\"2629\">\u042d\u043b\u0435\u043a\u0442\u0440\u043e\u043d\u043d\u0430\u044f \u043f\u043e\u0447\u0442\u0430:<\/strong> <a href=\"mailto:info@lexida.lt\">info@lexida.lt<\/a><br data-start=\"2646\" data-end=\"2649\" \/><strong data-start=\"2649\" data-end=\"2663\">\u0422\u0435\u043b\u0435\u0444\u043e\u043d:<\/strong> +370 699 03027<\/p>\t\t\t\t\t\t\t\t<\/div>\n\t\t\t\t<\/div>\n\t\t\t\t\t<\/div>\n\t\t\t\t<\/div>\n\t\t\t\t<\/div>","protected":false},"excerpt":{"rendered":"<p>S\u0105skaitos apmok\u0117jimas D\u0117kojame u\u017e pasitik\u0117jim\u0105 m\u016bs\u0173 paslaugomis. \u017demiau pateikiama m\u016bs\u0173 s\u0105skaitos informacija ir galimi apmok\u0117jimo b\u016bdai. PayPal Paysera Bankinis pavedimas Apmok\u0117jimas per PayPal Greitas ir saugus atsiskaitymas naudojantis PayPal sistema.Paspaud\u0119 mygtuk\u0105 b\u016bsite nukreipti \u012f PayPal mok\u0117jimo puslap\u012f.Mok\u0117jimo paskirtyje nurodykite savo s\u0105skaitos fakt\u016bros numer\u012f. Apmok\u0117ti per PayPal Apmok\u0117jimas per Paysera Atsiskaitymas per Paysera elektronini\u0173 mok\u0117jim\u0173 sistem\u0105.Gal\u0117site [&hellip;]<\/p>","protected":false},"author":1,"featured_media":0,"parent":0,"menu_order":0,"comment_status":"closed","ping_status":"closed","template":"","meta":{"site-sidebar-layout":"no-sidebar","site-content-layout":"page-builder","ast-site-content-layout":"full-width-container","site-content-style":"default","site-sidebar-style":"default","ast-global-header-display":"","ast-banner-title-visibility":"","ast-main-header-display":"","ast-hfb-above-header-display":"","ast-hfb-below-header-display":"","ast-hfb-mobile-header-display":"","site-post-title":"","ast-breadcrumbs-content":"","ast-featured-img":"disabled","footer-sml-layout":"","ast-disable-related-posts":"","theme-transparent-header-meta":"","adv-header-id-meta":"","stick-header-meta":"","header-above-stick-meta":"","header-main-stick-meta":"","header-below-stick-meta":"","astra-migrate-meta-layouts":"set","ast-page-background-enabled":"default","ast-page-background-meta":{"desktop":{"background-color":"","background-image":"","background-repeat":"repeat","background-position":"center center","background-size":"auto","background-attachment":"scroll","background-type":"","background-media":"","overlay-type":"","overlay-color":"","overlay-opacity":"","overlay-gradient":""},"tablet":{"background-color":"","background-image":"","background-repeat":"repeat","background-position":"center center","background-size":"auto","background-attachment":"scroll","background-type":"","background-media":"","overlay-type":"","overlay-color":"","overlay-opacity":"","overlay-gradient":""},"mobile":{"background-color":"","background-image":"","background-repeat":"repeat","background-position":"center center","background-size":"auto","background-attachment":"scroll","background-type":"","background-media":"","overlay-type":"","overlay-color":"","overlay-opacity":"","overlay-gradient":""}},"ast-content-background-meta":{"desktop":{"background-color":"var(--ast-global-color-5)","background-image":"","background-repeat":"repeat","background-position":"center center","background-size":"auto","background-attachment":"scroll","background-type":"","background-media":"","overlay-type":"","overlay-color":"","overlay-opacity":"","overlay-gradient":""},"tablet":{"background-color":"var(--ast-global-color-5)","background-image":"","background-repeat":"repeat","background-position":"center center","background-size":"auto","background-attachment":"scroll","background-type":"","background-media":"","overlay-type":"","overlay-color":"","overlay-opacity":"","overlay-gradient":""},"mobile":{"background-color":"var(--ast-global-color-5)","background-image":"","background-repeat":"repeat","background-position":"center center","background-size":"auto","background-attachment":"scroll","background-type":"","background-media":"","overlay-type":"","overlay-color":"","overlay-opacity":"","overlay-gradient":""}},"footnotes":""},"class_list":["post-2630","page","type-page","status-publish","hentry"],"aioseo_notices":[],"_links":{"self":[{"href":"https:\/\/lexida.lt\/ru\/wp-json\/wp\/v2\/pages\/2630","targetHints":{"allow":["GET"]}}],"collection":[{"href":"https:\/\/lexida.lt\/ru\/wp-json\/wp\/v2\/pages"}],"about":[{"href":"https:\/\/lexida.lt\/ru\/wp-json\/wp\/v2\/types\/page"}],"author":[{"embeddable":true,"href":"https:\/\/lexida.lt\/ru\/wp-json\/wp\/v2\/users\/1"}],"replies":[{"embeddable":true,"href":"https:\/\/lexida.lt\/ru\/wp-json\/wp\/v2\/comments?post=2630"}],"version-history":[{"count":26,"href":"https:\/\/lexida.lt\/ru\/wp-json\/wp\/v2\/pages\/2630\/revisions"}],"predecessor-version":[{"id":2790,"href":"https:\/\/lexida.lt\/ru\/wp-json\/wp\/v2\/pages\/2630\/revisions\/2790"}],"wp:attachment":[{"href":"https:\/\/lexida.lt\/ru\/wp-json\/wp\/v2\/media?parent=2630"}],"curies":[{"name":"wp","href":"https:\/\/api.w.org\/{rel}","templated":true}]}}