{"id":9,"date":"2026-01-15T14:24:14","date_gmt":"2026-01-15T12:24:14","guid":{"rendered":"https:\/\/lexida.lt\/about-us\/"},"modified":"2026-02-12T10:02:59","modified_gmt":"2026-02-12T08:02:59","slug":"about-us-law-firm","status":"publish","type":"page","link":"https:\/\/lexida.lt\/en\/about-us-law-firm\/","title":{"rendered":"ABOUT US"},"content":{"rendered":"<div data-elementor-type=\"wp-page\" data-elementor-id=\"9\" class=\"elementor elementor-9\">\n\t\t\t\t<div class=\"elementor-element elementor-element-10ac60e e-flex e-con-boxed e-con e-parent\" data-id=\"10ac60e\" data-element_type=\"container\" data-e-type=\"container\" data-settings=\"{&quot;background_background&quot;:&quot;classic&quot;}\">\n\t\t\t\t\t<div class=\"e-con-inner\">\n\t\t<div class=\"elementor-element elementor-element-a7bec28 e-con-full e-flex e-con e-child\" data-id=\"a7bec28\" data-element_type=\"container\" data-e-type=\"container\">\n\t\t\t\t<div class=\"elementor-element elementor-element-6629392 elementor-widget elementor-widget-heading\" data-id=\"6629392\" data-element_type=\"widget\" data-e-type=\"widget\" data-widget_type=\"heading.default\">\n\t\t\t\t\t<h1 class=\"elementor-heading-title elementor-size-default\">About us<\/h1>\t\t\t\t<\/div>\n\t\t\t\t<div class=\"elementor-element elementor-element-503cedc elementor-widget-divider--view-line elementor-widget elementor-widget-divider\" data-id=\"503cedc\" data-element_type=\"widget\" data-e-type=\"widget\" data-widget_type=\"divider.default\">\n\t\t\t\t\t\t\t<div class=\"elementor-divider\">\n\t\t\t<span class=\"elementor-divider-separator\">\n\t\t\t\t\t\t<\/span>\n\t\t<\/div>\n\t\t\t\t\t\t<\/div>\n\t\t\t\t<div class=\"elementor-element elementor-element-48746ef elementor-widget elementor-widget-text-editor\" data-id=\"48746ef\" data-element_type=\"widget\" data-e-type=\"widget\" data-widget_type=\"text-editor.default\">\n\t\t\t\t\t\t\t\t\t<p>We are a professional team of lawyers with over 15 years of experience in legal practice. All team members have obtained Master of Laws degrees from Vilnius University, and one of them additionally specialized in business law at Stockholm University.<\/p>\t\t\t\t\t\t\t\t<\/div>\n\t\t\t\t<\/div>\n\t\t\t\t\t<\/div>\n\t\t\t\t<\/div>\n\t\t<div class=\"elementor-element elementor-element-fb30919 e-flex e-con-boxed e-con e-parent\" data-id=\"fb30919\" data-element_type=\"container\" data-e-type=\"container\" data-settings=\"{&quot;background_background&quot;:&quot;classic&quot;}\">\n\t\t\t\t\t<div class=\"e-con-inner\">\n\t\t<div class=\"elementor-element elementor-element-0377003 e-con-full e-flex e-con e-child\" data-id=\"0377003\" data-element_type=\"container\" data-e-type=\"container\">\n\t\t\t\t<div class=\"elementor-element elementor-element-ccdc13b elementor-widget elementor-widget-heading\" data-id=\"ccdc13b\" data-element_type=\"widget\" data-e-type=\"widget\" data-widget_type=\"heading.default\">\n\t\t\t\t\t<h2 class=\"elementor-heading-title elementor-size-default\">About our team<\/h2>\t\t\t\t<\/div>\n\t\t\t\t<div class=\"elementor-element elementor-element-163a01d elementor-widget-divider--view-line elementor-widget elementor-widget-divider\" data-id=\"163a01d\" data-element_type=\"widget\" data-e-type=\"widget\" data-widget_type=\"divider.default\">\n\t\t\t\t\t\t\t<div class=\"elementor-divider\">\n\t\t\t<span class=\"elementor-divider-separator\">\n\t\t\t\t\t\t<\/span>\n\t\t<\/div>\n\t\t\t\t\t\t<\/div>\n\t\t\t\t<div class=\"elementor-element elementor-element-ded6020 elementor-widget elementor-widget-text-editor\" data-id=\"ded6020\" data-element_type=\"widget\" data-e-type=\"widget\" data-widget_type=\"text-editor.default\">\n\t\t\t\t\t\t\t\t\t<p>We provide reliable legal services to individuals and businesses - advising, drafting documents, cooperating with specialised law firms, representing in negotiations and litigation.<\/p>\t\t\t\t\t\t\t\t<\/div>\n\t\t\t\t<div class=\"elementor-element elementor-element-a16e1f6 elementor-tablet-align-center elementor-widget elementor-widget-button\" data-id=\"a16e1f6\" data-element_type=\"widget\" data-e-type=\"widget\" data-widget_type=\"button.default\">\n\t\t\t\t\t\t\t\t\t\t<a class=\"elementor-button elementor-button-link elementor-size-sm\" href=\"https:\/\/lexida.lt\/en\/contact\/\">\n\t\t\t\t\t\t<span class=\"elementor-button-content-wrapper\">\n\t\t\t\t\t\t\t\t\t<span class=\"elementor-button-text\">CONTACT US<\/span>\n\t\t\t\t\t<\/span>\n\t\t\t\t\t<\/a>\n\t\t\t\t\t\t\t\t<\/div>\n\t\t\t\t<\/div>\n\t\t<div class=\"elementor-element elementor-element-fca33d0 e-con-full e-flex e-con e-child\" data-id=\"fca33d0\" data-element_type=\"container\" data-e-type=\"container\">\n\t\t\t\t<div class=\"elementor-element elementor-element-c2e1dd3 elementor-widget elementor-widget-image\" data-id=\"c2e1dd3\" data-element_type=\"widget\" data-e-type=\"widget\" data-widget_type=\"image.default\">\n\t\t\t\t\t\t\t\t\t\t\t\t\t\t\t<img fetchpriority=\"high\" decoding=\"async\" width=\"1380\" height=\"944\" src=\"https:\/\/lexida.lt\/wp-content\/uploads\/2026\/02\/IMG_0318.jpg\" class=\"attachment-full size-full wp-image-2562\" alt=\"\" srcset=\"https:\/\/lexida.lt\/wp-content\/uploads\/2026\/02\/IMG_0318.jpg 1380w, https:\/\/lexida.lt\/wp-content\/uploads\/2026\/02\/IMG_0318-600x410.jpg 600w, https:\/\/lexida.lt\/wp-content\/uploads\/2026\/02\/IMG_0318-300x205.jpg 300w, https:\/\/lexida.lt\/wp-content\/uploads\/2026\/02\/IMG_0318-1024x700.jpg 1024w, https:\/\/lexida.lt\/wp-content\/uploads\/2026\/02\/IMG_0318-768x525.jpg 768w, https:\/\/lexida.lt\/wp-content\/uploads\/2026\/02\/IMG_0318-18x12.jpg 18w\" sizes=\"(max-width: 1380px) 100vw, 1380px\" \/>\t\t\t\t\t\t\t\t\t\t\t\t\t\t\t<\/div>\n\t\t\t\t<\/div>\n\t\t\t\t\t<\/div>\n\t\t\t\t<\/div>\n\t\t<div class=\"elementor-element elementor-element-97ff945 e-flex e-con-boxed e-con e-parent\" data-id=\"97ff945\" data-element_type=\"container\" data-e-type=\"container\" data-settings=\"{&quot;background_background&quot;:&quot;classic&quot;}\">\n\t\t\t\t\t<div class=\"e-con-inner\">\n\t\t\t\t<div class=\"elementor-element elementor-element-545e016 elementor-widget elementor-widget-heading\" data-id=\"545e016\" data-element_type=\"widget\" data-e-type=\"widget\" data-widget_type=\"heading.default\">\n\t\t\t\t\t<h2 class=\"elementor-heading-title elementor-size-default\">About our values<\/h2>\t\t\t\t<\/div>\n\t\t\t\t\t<\/div>\n\t\t\t\t<\/div>\n\t\t<div class=\"elementor-element elementor-element-9a6a497 e-flex e-con-boxed e-con e-parent\" data-id=\"9a6a497\" data-element_type=\"container\" data-e-type=\"container\" data-settings=\"{&quot;background_background&quot;:&quot;classic&quot;}\">\n\t\t\t\t\t<div class=\"e-con-inner\">\n\t\t<div class=\"elementor-element elementor-element-becef41 e-con-full e-flex e-con e-child\" data-id=\"becef41\" data-element_type=\"container\" data-e-type=\"container\">\n\t\t<div class=\"elementor-element elementor-element-0dc29c5 e-flex e-con-boxed e-con e-child\" data-id=\"0dc29c5\" data-element_type=\"container\" data-e-type=\"container\">\n\t\t\t\t\t<div class=\"e-con-inner\">\n\t\t<div class=\"elementor-element elementor-element-0282ef6 e-con-full e-flex e-con e-child\" data-id=\"0282ef6\" data-element_type=\"container\" data-e-type=\"container\" data-settings=\"{&quot;background_background&quot;:&quot;classic&quot;}\">\n\t\t\t\t<div class=\"elementor-element elementor-element-6f0460c elementor-vertical-align-top elementor-widget elementor-widget-image-box\" data-id=\"6f0460c\" data-element_type=\"widget\" data-e-type=\"widget\" data-widget_type=\"image-box.default\">\n\t\t\t\t\t<div class=\"elementor-image-box-wrapper\"><div class=\"elementor-image-box-content\"><h4 class=\"elementor-image-box-title\">Responsibility<\/h4><p class=\"elementor-image-box-description\">We work responsibly, with confidentiality and high standards of professional ethics. We strive to offer each client an effective and tailored legal solution.<\/p><\/div><\/div>\t\t\t\t<\/div>\n\t\t\t\t<\/div>\n\t\t<div class=\"elementor-element elementor-element-c55a215 e-con-full e-flex e-con e-child\" data-id=\"c55a215\" data-element_type=\"container\" data-e-type=\"container\">\n\t\t\t\t<div class=\"elementor-element elementor-element-28f0bf0 elementor-vertical-align-top elementor-widget elementor-widget-image-box\" data-id=\"28f0bf0\" data-element_type=\"widget\" data-e-type=\"widget\" data-widget_type=\"image-box.default\">\n\t\t\t\t\t<div class=\"elementor-image-box-wrapper\"><div class=\"elementor-image-box-content\"><h4 class=\"elementor-image-box-title\">Professionalism<\/h4><p class=\"elementor-image-box-description\">We value the trust our clients place in us and believe that professionalism, clear\ncommunication and result orientation are the foundation of our success.<\/p><\/div><\/div>\t\t\t\t<\/div>\n\t\t\t\t<\/div>\n\t\t<div class=\"elementor-element elementor-element-fde86e2 e-con-full e-flex e-con e-child\" data-id=\"fde86e2\" data-element_type=\"container\" data-e-type=\"container\">\n\t\t\t\t<div class=\"elementor-element elementor-element-b312bec elementor-vertical-align-top elementor-widget elementor-widget-image-box\" data-id=\"b312bec\" data-element_type=\"widget\" data-e-type=\"widget\" data-widget_type=\"image-box.default\">\n\t\t\t\t\t<div class=\"elementor-image-box-wrapper\"><div class=\"elementor-image-box-content\"><h4 class=\"elementor-image-box-title\">Speed and quality<\/h4><p class=\"elementor-image-box-description\">Legal services are available at your convenience, including out-of-hours\nhours. All the procedural documents we prepare are of high quality and ensure your\nprotection of your interests. We resolve matters quickly, with careful attention to every detail.<\/p><\/div><\/div>\t\t\t\t<\/div>\n\t\t\t\t<\/div>\n\t\t\t\t\t<\/div>\n\t\t\t\t<\/div>\n\t\t\t\t<\/div>\n\t\t\t\t\t<\/div>\n\t\t\t\t<\/div>\n\t\t<div class=\"elementor-element elementor-element-3640d74 e-flex e-con-boxed e-con e-parent\" data-id=\"3640d74\" data-element_type=\"container\" data-e-type=\"container\" data-settings=\"{&quot;background_background&quot;:&quot;classic&quot;}\">\n\t\t\t\t\t<div class=\"e-con-inner\">\n\t\t<div class=\"elementor-element elementor-element-d0b07f6 e-con-full e-flex e-con e-child\" data-id=\"d0b07f6\" data-element_type=\"container\" data-e-type=\"container\">\n\t\t\t\t<div class=\"elementor-element elementor-element-d7e0586 elementor-widget elementor-widget-heading\" data-id=\"d7e0586\" data-element_type=\"widget\" data-e-type=\"widget\" data-widget_type=\"heading.default\">\n\t\t\t\t\t<h2 class=\"elementor-heading-title elementor-size-default\">About our work<\/h2>\t\t\t\t<\/div>\n\t\t\t\t<div class=\"elementor-element elementor-element-c3c2b18 elementor-widget-divider--view-line elementor-widget elementor-widget-divider\" data-id=\"c3c2b18\" data-element_type=\"widget\" data-e-type=\"widget\" data-widget_type=\"divider.default\">\n\t\t\t\t\t\t\t<div class=\"elementor-divider\">\n\t\t\t<span class=\"elementor-divider-separator\">\n\t\t\t\t\t\t<\/span>\n\t\t<\/div>\n\t\t\t\t\t\t<\/div>\n\t\t\t\t<div class=\"elementor-element elementor-element-b740514 elementor-widget elementor-widget-text-editor\" data-id=\"b740514\" data-element_type=\"widget\" data-e-type=\"widget\" data-widget_type=\"text-editor.default\">\n\t\t\t\t\t\t\t\t\t<p>Our specialists keep up-to-date with the latest legal practice and legislation, apply out-of-the-box solutions and take on even the most complex cases. You can contact us at any time - we work efficiently, and in urgent cases, we will prepare documents within 1 working day.<\/p><p>Integrity, respect, transparency and professionalism are our core values.<\/p>\t\t\t\t\t\t\t\t<\/div>\n\t\t\t\t<div class=\"elementor-element elementor-element-9490dfc elementor-tablet-align-center elementor-widget elementor-widget-button\" data-id=\"9490dfc\" data-element_type=\"widget\" data-e-type=\"widget\" data-widget_type=\"button.default\">\n\t\t\t\t\t\t\t\t\t\t<a class=\"elementor-button elementor-button-link elementor-size-sm\" href=\"https:\/\/lexida.lt\/en\/consultation\/\">\n\t\t\t\t\t\t<span class=\"elementor-button-content-wrapper\">\n\t\t\t\t\t\t\t\t\t<span class=\"elementor-button-text\">CONSULTATION<\/span>\n\t\t\t\t\t<\/span>\n\t\t\t\t\t<\/a>\n\t\t\t\t\t\t\t\t<\/div>\n\t\t\t\t<\/div>\n\t\t<div class=\"elementor-element elementor-element-fcd4a1b e-con-full e-flex e-con e-child\" data-id=\"fcd4a1b\" data-element_type=\"container\" data-e-type=\"container\">\n\t\t\t\t<div class=\"elementor-element elementor-element-eecafd0 elementor-widget elementor-widget-image\" data-id=\"eecafd0\" data-element_type=\"widget\" data-e-type=\"widget\" data-widget_type=\"image.default\">\n\t\t\t\t\t\t\t\t\t\t\t\t\t\t\t<img decoding=\"async\" width=\"1680\" height=\"1120\" src=\"https:\/\/lexida.lt\/wp-content\/uploads\/2026\/01\/Teisiniu-paslaugu-kontora-8.jpg\" class=\"attachment-full size-full wp-image-2035\" alt=\"Law firm\" srcset=\"https:\/\/lexida.lt\/wp-content\/uploads\/2026\/01\/Teisiniu-paslaugu-kontora-8.jpg 1680w, https:\/\/lexida.lt\/wp-content\/uploads\/2026\/01\/Teisiniu-paslaugu-kontora-8-600x400.jpg 600w, https:\/\/lexida.lt\/wp-content\/uploads\/2026\/01\/Teisiniu-paslaugu-kontora-8-300x200.jpg 300w, https:\/\/lexida.lt\/wp-content\/uploads\/2026\/01\/Teisiniu-paslaugu-kontora-8-1024x683.jpg 1024w, https:\/\/lexida.lt\/wp-content\/uploads\/2026\/01\/Teisiniu-paslaugu-kontora-8-768x512.jpg 768w, https:\/\/lexida.lt\/wp-content\/uploads\/2026\/01\/Teisiniu-paslaugu-kontora-8-1536x1024.jpg 1536w\" sizes=\"(max-width: 1680px) 100vw, 1680px\" \/>\t\t\t\t\t\t\t\t\t\t\t\t\t\t\t<\/div>\n\t\t\t\t<\/div>\n\t\t\t\t\t<\/div>\n\t\t\t\t<\/div>\n\t\t<div class=\"elementor-element elementor-element-14b48d4 e-flex e-con-boxed e-con e-parent\" data-id=\"14b48d4\" data-element_type=\"container\" data-e-type=\"container\" data-settings=\"{&quot;background_background&quot;:&quot;classic&quot;}\">\n\t\t\t\t\t<div class=\"e-con-inner\">\n\t\t<div class=\"elementor-element elementor-element-f12b4f6 e-con-full e-flex e-con e-child\" data-id=\"f12b4f6\" data-element_type=\"container\" data-e-type=\"container\">\n\t\t\t\t<div class=\"elementor-element elementor-element-5b63303 elementor-widget elementor-widget-heading\" data-id=\"5b63303\" data-element_type=\"widget\" data-e-type=\"widget\" data-widget_type=\"heading.default\">\n\t\t\t\t\t<h2 class=\"elementor-heading-title elementor-size-default\">Our areas of specialisation include<\/h2>\t\t\t\t<\/div>\n\t\t\t\t<div class=\"elementor-element elementor-element-b5bb94a elementor-widget-divider--view-line elementor-widget elementor-widget-divider\" data-id=\"b5bb94a\" data-element_type=\"widget\" data-e-type=\"widget\" data-widget_type=\"divider.default\">\n\t\t\t\t\t\t\t<div class=\"elementor-divider\">\n\t\t\t<span class=\"elementor-divider-separator\">\n\t\t\t\t\t\t<\/span>\n\t\t<\/div>\n\t\t\t\t\t\t<\/div>\n\t\t\t\t<div class=\"elementor-element elementor-element-4f9f614 elementor-widget elementor-widget-text-editor\" data-id=\"4f9f614\" data-element_type=\"widget\" data-e-type=\"widget\" data-widget_type=\"text-editor.default\">\n\t\t\t\t\t\t\t\t\t<p>Administrative, criminal, civil (business, family, property, inheritance, obligations) and labour law. We continuously improve our knowledge to offer our clients the most relevant and effective legal assistance.<\/p>\t\t\t\t\t\t\t\t<\/div>\n\t\t\t\t<div class=\"elementor-element elementor-element-32cbd64 elementor-align-center elementor-widget elementor-widget-button\" data-id=\"32cbd64\" data-element_type=\"widget\" data-e-type=\"widget\" data-widget_type=\"button.default\">\n\t\t\t\t\t\t\t\t\t\t<a class=\"elementor-button elementor-button-link elementor-size-sm\" href=\"https:\/\/lexida.lt\/en\/legal-services-activity-directions\/\">\n\t\t\t\t\t\t<span class=\"elementor-button-content-wrapper\">\n\t\t\t\t\t\t\t\t\t<span class=\"elementor-button-text\">AREAS OF ACTIVITY<\/span>\n\t\t\t\t\t<\/span>\n\t\t\t\t\t<\/a>\n\t\t\t\t\t\t\t\t<\/div>\n\t\t\t\t<\/div>\n\t\t\t\t\t<\/div>\n\t\t\t\t<\/div>\n\t\t\t\t<\/div>","protected":false},"excerpt":{"rendered":"<p>Apie mus Esame profesionali teisinink\u0173 komanda, sukaupusi daugiau nei 15 met\u0173 teisin\u0117s praktikos patirt\u012f. Visi komandos nariai yra \u012fgij\u0119 teis\u0117s magistro laipsnius Vilniaus universitete, o vienas i\u0161 j\u0173 papildomai specializavosi verslo teis\u0117s srityje Stokholmo universitete. Apie m\u016bs\u0173 komanda Teikiame patikimas teisines paslaugas privatiems asmenims ir verslui \u2013 konsultuojame, rengiame dokumentus, bendradarbiaujame su specializuotomis advokat\u0173 kontoromis, [&hellip;]<\/p>","protected":false},"author":1,"featured_media":0,"parent":0,"menu_order":0,"comment_status":"closed","ping_status":"closed","template":"","meta":{"site-sidebar-layout":"no-sidebar","site-content-layout":"page-builder","ast-site-content-layout":"full-width-container","site-content-style":"unboxed","site-sidebar-style":"unboxed","ast-global-header-display":"","ast-banner-title-visibility":"","ast-main-header-display":"","ast-hfb-above-header-display":"","ast-hfb-below-header-display":"","ast-hfb-mobile-header-display":"","site-post-title":"disabled","ast-breadcrumbs-content":"disabled","ast-featured-img":"disabled","footer-sml-layout":"","ast-disable-related-posts":"","theme-transparent-header-meta":"default","adv-header-id-meta":"","stick-header-meta":"","header-above-stick-meta":"","header-main-stick-meta":"","header-below-stick-meta":"","astra-migrate-meta-layouts":"set","ast-page-background-enabled":"default","ast-page-background-meta":{"desktop":{"background-color":"","background-image":"","background-repeat":"repeat","background-position":"center center","background-size":"auto","background-attachment":"scroll","background-type":"","background-media":"","overlay-type":"","overlay-color":"","overlay-opacity":"","overlay-gradient":""},"tablet":{"background-color":"","background-image":"","background-repeat":"repeat","background-position":"center center","background-size":"auto","background-attachment":"scroll","background-type":"","background-media":"","overlay-type":"","overlay-color":"","overlay-opacity":"","overlay-gradient":""},"mobile":{"background-color":"","background-image":"","background-repeat":"repeat","background-position":"center center","background-size":"auto","background-attachment":"scroll","background-type":"","background-media":"","overlay-type":"","overlay-color":"","overlay-opacity":"","overlay-gradient":""}},"ast-content-background-meta":{"desktop":{"background-color":"var(--ast-global-color-5)","background-image":"","background-repeat":"repeat","background-position":"center center","background-size":"auto","background-attachment":"scroll","background-type":"","background-media":"","overlay-type":"","overlay-color":"","overlay-opacity":"","overlay-gradient":""},"tablet":{"background-color":"var(--ast-global-color-5)","background-image":"","background-repeat":"repeat","background-position":"center center","background-size":"auto","background-attachment":"scroll","background-type":"","background-media":"","overlay-type":"","overlay-color":"","overlay-opacity":"","overlay-gradient":""},"mobile":{"background-color":"var(--ast-global-color-5)","background-image":"","background-repeat":"repeat","background-position":"center center","background-size":"auto","background-attachment":"scroll","background-type":"","background-media":"","overlay-type":"","overlay-color":"","overlay-opacity":"","overlay-gradient":""}},"footnotes":""},"class_list":["post-9","page","type-page","status-publish","hentry"],"aioseo_notices":[],"_links":{"self":[{"href":"https:\/\/lexida.lt\/en\/wp-json\/wp\/v2\/pages\/9","targetHints":{"allow":["GET"]}}],"collection":[{"href":"https:\/\/lexida.lt\/en\/wp-json\/wp\/v2\/pages"}],"about":[{"href":"https:\/\/lexida.lt\/en\/wp-json\/wp\/v2\/types\/page"}],"author":[{"embeddable":true,"href":"https:\/\/lexida.lt\/en\/wp-json\/wp\/v2\/users\/1"}],"replies":[{"embeddable":true,"href":"https:\/\/lexida.lt\/en\/wp-json\/wp\/v2\/comments?post=9"}],"version-history":[{"count":116,"href":"https:\/\/lexida.lt\/en\/wp-json\/wp\/v2\/pages\/9\/revisions"}],"predecessor-version":[{"id":2690,"href":"https:\/\/lexida.lt\/en\/wp-json\/wp\/v2\/pages\/9\/revisions\/2690"}],"wp:attachment":[{"href":"https:\/\/lexida.lt\/en\/wp-json\/wp\/v2\/media?parent=9"}],"curies":[{"name":"wp","href":"https:\/\/api.w.org\/{rel}","templated":true}]}}