{"id":2258,"date":"2026-01-21T16:39:36","date_gmt":"2026-01-21T14:39:36","guid":{"rendered":"https:\/\/lexida.lt\/?page_id=2258"},"modified":"2026-02-03T15:44:44","modified_gmt":"2026-02-03T13:44:44","slug":"consultation","status":"publish","type":"page","link":"https:\/\/lexida.lt\/en\/consultation\/","title":{"rendered":"CONSULTATION"},"content":{"rendered":"<div data-elementor-type=\"wp-page\" data-elementor-id=\"2258\" class=\"elementor elementor-2258\">\n\t\t\t\t<div class=\"elementor-element elementor-element-0a9ca70 e-flex e-con-boxed e-con e-parent\" data-id=\"0a9ca70\" data-element_type=\"container\" data-e-type=\"container\" data-settings=\"{&quot;background_background&quot;:&quot;classic&quot;}\">\n\t\t\t\t\t<div class=\"e-con-inner\">\n\t\t\t\t<div class=\"elementor-element elementor-element-57a8a7d elementor-widget elementor-widget-heading\" data-id=\"57a8a7d\" data-element_type=\"widget\" data-e-type=\"widget\" data-widget_type=\"heading.default\">\n\t\t\t\t\t<h2 class=\"elementor-heading-title elementor-size-default\">CONSULTATION<\/h2>\t\t\t\t<\/div>\n\t\t\t\t<div class=\"elementor-element elementor-element-b14596f elementor-widget elementor-widget-text-editor\" data-id=\"b14596f\" data-element_type=\"widget\" data-e-type=\"widget\" data-widget_type=\"text-editor.default\">\n\t\t\t\t\t\t\t\t\t<p>Fill in the consultation form and we will contact you for a consultation<\/p>\t\t\t\t\t\t\t\t<\/div>\n\t\t\t\t<div class=\"elementor-element elementor-element-fd0d134 elementor-widget elementor-widget-wp-widget-forminator_widget\" data-id=\"fd0d134\" data-element_type=\"widget\" data-e-type=\"widget\" data-widget_type=\"wp-widget-forminator_widget.default\">\n\t\t\t\t<div class=\"elementor-widget-container\">\n\t\t\t\t\t<div class=\"forminator-ui forminator-custom-form forminator-custom-form-2276 forminator-design--default  forminator_ajax\" data-forminator-render=\"0\" data-form=\"forminator-module-2276\" data-uid=\"69f297e73ddd8\"><br\/><\/div><form\n\t\t\t\tid=\"forminator-module-2276\"\n\t\t\t\tclass=\"forminator-ui forminator-custom-form forminator-custom-form-2276 forminator-design--default  forminator_ajax\"\n\t\t\t\tmethod=\"post\"\n\t\t\t\tdata-forminator-render=\"0\"\n\t\t\t\tdata-form-id=\"2276\"\n\t\t\t\t data-color-option=\"theme\" data-design=\"default\" data-grid=\"open\" style=\"display: none;\"\n\t\t\t\tdata-uid=\"69f297e73ddd8\" action=\"\"\n\t\t\t><div role=\"alert\" aria-live=\"polite\" class=\"forminator-response-message forminator-error\" aria-hidden=\"true\"><\/div><div class=\"forminator-row\"><div id=\"name-1\" class=\"forminator-field-name forminator-col forminator-col-12\"><div class=\"forminator-field\"><input type=\"text\" name=\"name-1\" value=\"\" placeholder=\"Name *\" id=\"forminator-field-name-1_69f297e73ddd8\" class=\"forminator-input forminator-name--field\" aria-required=\"true\" autocomplete=\"name\" \/><\/div><\/div><\/div><div class=\"forminator-row\"><div id=\"email-1\" class=\"forminator-field-email forminator-col forminator-col-12\"><div class=\"forminator-field\"><input type=\"email\" name=\"email-1\" value=\"\" placeholder=\"Email *\" id=\"forminator-field-email-1_69f297e73ddd8\" class=\"forminator-input forminator-email--field\" data-required=\"true\" aria-required=\"true\" autocomplete=\"email\" \/><\/div><\/div><\/div><div class=\"forminator-row\"><div id=\"phone-1\" class=\"forminator-field-phone forminator-col forminator-col-12\"><div class=\"forminator-field\"><input type=\"text\" name=\"phone-1\" value=\"\" placeholder=\"Telephone *\" id=\"forminator-field-phone-1_69f297e73ddd8\" class=\"forminator-input forminator-field--phone\" data-required=\"1\" aria-required=\"true\" autocomplete=\"off\" \/><\/div><\/div><\/div><div class=\"forminator-row\"><div id=\"select-2\" class=\"forminator-field-select forminator-col forminator-col-12\"><div class=\"forminator-field\"><select  id=\"forminator-form-2276__field--select-2_69f297e73ddd8\" class=\"forminator-select--field forminator-select2 forminator-select2-multiple\" data-required=\"\" name=\"select-2\" data-default-value=\"\" data-hidden-behavior=\"zero\" data-placeholder=\"Veiklos sritis\" data-search=\"false\" data-search-placeholder=\"Veiklos sritis\" data-checkbox=\"false\" data-allow-clear=\"false\" aria-labelledby=\"forminator-form-2276__field--select-2_69f297e73ddd8-label\"><option value=\"\"  >Practice areas<\/option><option value=\"one\"  data-calculation=\"0\">Administrative law<\/option><option value=\"two\"  data-calculation=\"0\">Labour law<\/option><option value=\"Draudimo-teis\u0117\"  data-calculation=\"0\">Insurance law<\/option><option value=\"\u012emoni\u0173-teis\u0117\"  data-calculation=\"0\">Company law<\/option><option value=\"Migracijos-teis\u0117\"  data-calculation=\"0\">Migration law<\/option><option value=\"Nekilnojamojo-turto-teis\u0117\"  data-calculation=\"0\">Real estate law<\/option><option value=\"Paveld\u0117jimo-teis\u0117\"  data-calculation=\"0\">Succession law<\/option><option value=\"Skol\u0173-i\u0161ie\u0161kojimas\"  data-calculation=\"0\">Debt recovery<\/option><option value=\"Statybos-teis\u0117\"  data-calculation=\"0\">Construction law<\/option><option value=\"Sutar\u010di\u0173-teis\u0117\"  data-calculation=\"0\">Contract law<\/option><option value=\"\u0160eimos-teis\u0117\"  data-calculation=\"0\">Family law<\/option><option value=\"\u017dalos-atlyginimas\"  data-calculation=\"0\">Compensation for damages<\/option><\/select><\/div><\/div><\/div><div class=\"forminator-row\"><div id=\"date-1\" class=\"forminator-field-date forminator-col forminator-col-12\"><div class=\"forminator-field\"><label for=\"forminator-field-date-1-picker_69f297e73ddd8\" id=\"forminator-field-date-1-picker_69f297e73ddd8-label\" class=\"forminator-label\">Data<\/label><span id=\"forminator-field-date-1-picker_69f297e73ddd8-description\" class=\"forminator-description\">Choose the most suitable date for your desired meeting. The specialists will try to suggest the most suitable date according to the date you provide.<\/span><div class=\"forminator-input-with-icon\"><span class=\"forminator-icon-calendar\" aria-hidden=\"true\"><\/span><input autocomplete=\"off\" type=\"text\" size=\"1\" name=\"date-1\" value=\"\" placeholder=\"Choose a date\" id=\"forminator-field-date-1-picker_69f297e73ddd8\" class=\"forminator-input forminator-datepicker\" data-required=\"\" data-format=\"yy-mm-dd\" data-restrict-type=\"week\" data-restrict=\"0,2,4,6\" data-start-year=\"1926\" data-end-year=\"2126\" data-past-dates=\"enable\" data-start-of-week=\"1\" data-start-date=\"\" data-end-date=\"\" data-start-field=\"\" data-end-field=\"\" data-start-offset=\"\" data-end-offset=\"\" data-disable-date=\"\" data-disable-range=\"\" aria-describedby=\"forminator-field-date-1-picker_69f297e73ddd8-description\" \/><\/div><\/div><\/div><\/div><div class=\"forminator-row\"><div id=\"select-4\" class=\"forminator-field-select forminator-col forminator-col-12\"><div class=\"forminator-field\"><select  id=\"forminator-form-2276__field--select-4_69f297e73ddd8\" class=\"forminator-select--field forminator-select2 forminator-select2-multiple\" data-required=\"\" name=\"select-4\" data-default-value=\"\" data-hidden-behavior=\"zero\" data-placeholder=\"Laikas\" data-search=\"false\" data-search-placeholder=\"Laikas\" data-checkbox=\"false\" data-allow-clear=\"false\" aria-labelledby=\"forminator-form-2276__field--select-4_69f297e73ddd8-label\"><option value=\"\"  >Time<\/option><option value=\"one\"  data-calculation=\"0\">09:00<\/option><option value=\"two\"  data-calculation=\"0\">11:00<\/option><option value=\"13:00\"  data-calculation=\"0\">13:00<\/option><\/select><\/div><\/div><\/div><div class=\"forminator-row\"><div id=\"textarea-1\" class=\"forminator-field-textarea forminator-col forminator-col-12\"><div class=\"forminator-field\"><span id=\"forminator-field-textarea-1_69f297e73ddd8-description\" class=\"forminator-description\"><span data-limit=\"180\" data-type=\"characters\" data-editor=\"\">0 \/ 180<\/span><\/span><textarea name=\"textarea-1\" placeholder=\"Questions\" id=\"forminator-field-textarea-1_69f297e73ddd8\" class=\"forminator-textarea\" rows=\"6\" style=\"--forminator-textarea-min-height:140px;\" maxlength=\"180\" ><\/textarea><\/div><\/div><\/div><div class=\"forminator-row\"><div id=\"select-3\" class=\"forminator-field-select forminator-col forminator-col-12\"><div class=\"forminator-field\"><select  id=\"forminator-form-2276__field--select-3_69f297e73ddd8\" class=\"forminator-select--field forminator-select2 forminator-select2-multiple\" data-required=\"\" name=\"select-3\" data-default-value=\"\" data-hidden-behavior=\"zero\" data-placeholder=\"Skubus atvejis\" data-search=\"false\" data-search-placeholder=\"Skubus atvejis\" data-checkbox=\"false\" data-allow-clear=\"false\" aria-labelledby=\"forminator-form-2276__field--select-3_69f297e73ddd8-label\"><option value=\"\"  >A case of urgency<\/option><option value=\"one\"  data-calculation=\"0\">No<\/option><option value=\"two\"  data-calculation=\"0\">Yes<\/option><\/select><\/div><\/div><\/div><div class=\"forminator-row\"><div id=\"consent-1\" class=\"forminator-field-consent forminator-col forminator-col-12\"><div class=\"forminator-field\"><label for=\"forminator-field-consent-1_69f297e73ddd8\" id=\"forminator-field-consent-1_69f297e73ddd8-label\" class=\"forminator-label\">Consent <span class=\"forminator-required\">*<\/span><\/label><div class=\"forminator-checkbox__wrapper\"><label id=\"forminator-field-consent-1_69f297e73ddd8__label\" class=\"forminator-checkbox forminator-consent\"><input type=\"checkbox\" name=\"consent-1\" id=\"forminator-field-consent-1_69f297e73ddd8\" value=\"checked\" aria-labelledby=\"forminator-field-consent-1_69f297e73ddd8-label\" aria-describedby=\"forminator-field-consent-1_69f297e73ddd8__description\" data-required=\"true\" aria-required=\"true\" \/><span class=\"forminator-checkbox-box\" aria-hidden=\"true\"><\/span><\/label><div id=\"forminator-field-consent-1_69f297e73ddd8__description\" class=\"forminator-checkbox__label forminator-consent__label\"><p>Yes, I agree with <a href=\"https:\/\/lexida.lt\/en\/privacy-policy\/\">privacy policy<\/a>.<\/p><\/div><\/div><\/div><\/div><\/div><div class=\"forminator-row\"><div id=\"captcha-1\" class=\"forminator-field-captcha forminator-col forminator-col-12\"><div class=\"forminator-captcha-left forminator-g-recaptcha\" data-theme=\"light\"  data-sitekey=\"6LeAe0wsAAAAAMCd_K8jffPNOKw0Hnu99nJgccGw\" data-size=\"normal\"><\/div> <\/div><\/div><input type=\"hidden\" name=\"referer_url\" value=\"\" \/><div class=\"forminator-row forminator-row-last\"><div class=\"forminator-col\"><div class=\"forminator-field\"><button class=\"forminator-button forminator-button-submit\">Contact<\/button><\/div><\/div><\/div><input type=\"hidden\" id=\"forminator_nonce\" name=\"forminator_nonce\" value=\"8a667c3770\" \/><input type=\"hidden\" name=\"_wp_http_referer\" value=\"\/en\/wp-json\/wp\/v2\/pages\/2258\" \/><input type=\"hidden\" name=\"form_id\" value=\"2276\"><input type=\"hidden\" name=\"page_id\" value=\"2258\"><input type=\"hidden\" name=\"form_type\" value=\"default\"><input type=\"hidden\" name=\"current_url\" value=\"https:\/\/lexida.lt\/en\/consultation\/\"><input type=\"hidden\" name=\"render_id\" value=\"0\"><input type=\"hidden\" name=\"action\" value=\"forminator_submit_form_custom-forms\"><label for=\"input_10\" class=\"forminator-hidden\" aria-hidden=\"true\">Please do not fill in this field. <input id=\"input_10\" type=\"text\" name=\"input_10\" value=\"\" autocomplete=\"off\"><\/label><input type=\"hidden\" name=\"trp-form-language\" value=\"en\"\/><\/form>\t\t\t\t<\/div>\n\t\t\t\t<\/div>\n\t\t\t\t\t<\/div>\n\t\t\t\t<\/div>\n\t\t\t\t<\/div>","protected":false},"excerpt":{"rendered":"<p>CONSULTATION Fill in the consultation form and we will contact you for a consultation<\/p>","protected":false},"author":1,"featured_media":0,"parent":0,"menu_order":0,"comment_status":"closed","ping_status":"closed","template":"","meta":{"site-sidebar-layout":"no-sidebar","site-content-layout":"page-builder","ast-site-content-layout":"default","site-content-style":"default","site-sidebar-style":"default","ast-global-header-display":"","ast-banner-title-visibility":"","ast-main-header-display":"","ast-hfb-above-header-display":"","ast-hfb-below-header-display":"","ast-hfb-mobile-header-display":"","site-post-title":"","ast-breadcrumbs-content":"","ast-featured-img":"disabled","footer-sml-layout":"","ast-disable-related-posts":"","theme-transparent-header-meta":"","adv-header-id-meta":"","stick-header-meta":"","header-above-stick-meta":"","header-main-stick-meta":"","header-below-stick-meta":"","astra-migrate-meta-layouts":"set","ast-page-background-enabled":"default","ast-page-background-meta":{"desktop":{"background-color":"","background-image":"","background-repeat":"repeat","background-position":"center center","background-size":"auto","background-attachment":"scroll","background-type":"","background-media":"","overlay-type":"","overlay-color":"","overlay-opacity":"","overlay-gradient":""},"tablet":{"background-color":"","background-image":"","background-repeat":"repeat","background-position":"center center","background-size":"auto","background-attachment":"scroll","background-type":"","background-media":"","overlay-type":"","overlay-color":"","overlay-opacity":"","overlay-gradient":""},"mobile":{"background-color":"","background-image":"","background-repeat":"repeat","background-position":"center center","background-size":"auto","background-attachment":"scroll","background-type":"","background-media":"","overlay-type":"","overlay-color":"","overlay-opacity":"","overlay-gradient":""}},"ast-content-background-meta":{"desktop":{"background-color":"var(--ast-global-color-5)","background-image":"","background-repeat":"repeat","background-position":"center center","background-size":"auto","background-attachment":"scroll","background-type":"","background-media":"","overlay-type":"","overlay-color":"","overlay-opacity":"","overlay-gradient":""},"tablet":{"background-color":"var(--ast-global-color-5)","background-image":"","background-repeat":"repeat","background-position":"center center","background-size":"auto","background-attachment":"scroll","background-type":"","background-media":"","overlay-type":"","overlay-color":"","overlay-opacity":"","overlay-gradient":""},"mobile":{"background-color":"var(--ast-global-color-5)","background-image":"","background-repeat":"repeat","background-position":"center center","background-size":"auto","background-attachment":"scroll","background-type":"","background-media":"","overlay-type":"","overlay-color":"","overlay-opacity":"","overlay-gradient":""}},"footnotes":""},"class_list":["post-2258","page","type-page","status-publish","hentry"],"aioseo_notices":[],"_links":{"self":[{"href":"https:\/\/lexida.lt\/en\/wp-json\/wp\/v2\/pages\/2258","targetHints":{"allow":["GET"]}}],"collection":[{"href":"https:\/\/lexida.lt\/en\/wp-json\/wp\/v2\/pages"}],"about":[{"href":"https:\/\/lexida.lt\/en\/wp-json\/wp\/v2\/types\/page"}],"author":[{"embeddable":true,"href":"https:\/\/lexida.lt\/en\/wp-json\/wp\/v2\/users\/1"}],"replies":[{"embeddable":true,"href":"https:\/\/lexida.lt\/en\/wp-json\/wp\/v2\/comments?post=2258"}],"version-history":[{"count":34,"href":"https:\/\/lexida.lt\/en\/wp-json\/wp\/v2\/pages\/2258\/revisions"}],"predecessor-version":[{"id":2375,"href":"https:\/\/lexida.lt\/en\/wp-json\/wp\/v2\/pages\/2258\/revisions\/2375"}],"wp:attachment":[{"href":"https:\/\/lexida.lt\/en\/wp-json\/wp\/v2\/media?parent=2258"}],"curies":[{"name":"wp","href":"https:\/\/api.w.org\/{rel}","templated":true}]}}